{"id":648,"date":"2020-12-09T17:32:13","date_gmt":"2020-12-09T16:32:13","guid":{"rendered":"http:\/\/refuges-sentinelles.org\/?page_id=648"},"modified":"2020-12-11T15:27:07","modified_gmt":"2020-12-11T14:27:07","slug":"liens-web","status":"publish","type":"page","link":"https:\/\/refuges-sentinelles.org\/index.php\/liens-web\/","title":{"rendered":"Liens web"},"content":{"rendered":"\t\t<div data-elementor-type=\"wp-page\" data-elementor-id=\"648\" class=\"elementor elementor-648\">\n\t\t\t\t\t\t<section class=\"elementor-section elementor-top-section elementor-element elementor-element-628bf9a elementor-section-boxed elementor-section-height-default elementor-section-height-default\" data-id=\"628bf9a\" data-element_type=\"section\" data-e-type=\"section\">\n\t\t\t\t\t\t<div class=\"elementor-container elementor-column-gap-default\">\n\t\t\t\t\t<div class=\"elementor-column elementor-col-100 elementor-top-column elementor-element elementor-element-c2c9cfc\" data-id=\"c2c9cfc\" data-element_type=\"column\" data-e-type=\"column\">\n\t\t\t<div class=\"elementor-widget-wrap elementor-element-populated\">\n\t\t\t\t\t\t<div class=\"elementor-element elementor-element-8d87467 elementor-widget elementor-widget-text-editor\" data-id=\"8d87467\" data-element_type=\"widget\" data-e-type=\"widget\" data-widget_type=\"text-editor.default\">\n\t\t\t\t<div class=\"elementor-widget-container\">\n\t\t\t\t\t\t\t\t\t<h4 style=\"text-align: center;\">Vous trouverez ici les liens qui vous conduiront vers les diff\u00e9rents sites de nos partenaires ou des institutions li\u00e9es aux refuges. N\u2019h\u00e9sitez pas \u00e0 nous signaler des liens qui vous sembleraient pertinents !<\/h4>\t\t\t\t\t\t\t\t<\/div>\n\t\t\t\t<\/div>\n\t\t\t\t\t<\/div>\n\t\t<\/div>\n\t\t\t\t\t<\/div>\n\t\t<\/section>\n\t\t\t\t<section class=\"elementor-section elementor-top-section elementor-element elementor-element-9de9e62 elementor-section-boxed elementor-section-height-default elementor-section-height-default\" data-id=\"9de9e62\" data-element_type=\"section\" data-e-type=\"section\">\n\t\t\t\t\t\t<div class=\"elementor-container elementor-column-gap-default\">\n\t\t\t\t\t<div class=\"elementor-column elementor-col-100 elementor-top-column elementor-element elementor-element-0a0a648\" data-id=\"0a0a648\" data-element_type=\"column\" data-e-type=\"column\">\n\t\t\t<div class=\"elementor-widget-wrap elementor-element-populated\">\n\t\t\t\t\t\t<div class=\"elementor-element elementor-element-cbd364c elementor-widget-divider--view-line_icon elementor-widget-divider--separator-type-pattern elementor-widget-divider--no-spacing elementor-view-default elementor-widget-divider--element-align-center elementor-widget elementor-widget-divider\" data-id=\"cbd364c\" data-element_type=\"widget\" data-e-type=\"widget\" data-widget_type=\"divider.default\">\n\t\t\t\t<div class=\"elementor-widget-container\">\n\t\t\t\t\t\t\t<div class=\"elementor-divider\" style=\"--divider-pattern-url: url(&quot;data:image\/svg+xml,%3Csvg xmlns=&#039;http:\/\/www.w3.org\/2000\/svg&#039; preserveAspectRatio=&#039;xMidYMid meet&#039; overflow=&#039;visible&#039; height=&#039;100%&#039; viewBox=&#039;0 0 126 26&#039; fill=&#039;black&#039; stroke=&#039;none&#039;%3E%3Cpath d=&#039;M3,10.2c2.6,0,2.6,2,2.6,3.2S4.4,16.5,3,16.5s-3-1.4-3-3.2S0.4,10.2,3,10.2z M18.8,10.2c1.7,0,3.2,1.4,3.2,3.2s-1.4,3.2-3.2,3.2c-1.7,0-3.2-1.4-3.2-3.2S17,10.2,18.8,10.2z M34.6,10.2c1.5,0,2.6,1.4,2.6,3.2s-0.5,3.2-1.9,3.2c-1.5,0-3.4-1.4-3.4-3.2S33.1,10.2,34.6,10.2z M50.5,10.2c1.7,0,3.2,1.4,3.2,3.2s-1.4,3.2-3.2,3.2c-1.7,0-3.3-0.9-3.3-2.6S48.7,10.2,50.5,10.2z M66.2,10.2c1.5,0,3.4,1.4,3.4,3.2s-1.9,3.2-3.4,3.2c-1.5,0-2.6-0.4-2.6-2.1S64.8,10.2,66.2,10.2z M82.2,10.2c1.7,0.8,2.6,1.4,2.6,3.2s-0.1,3.2-1.6,3.2c-1.5,0-3.7-1.4-3.7-3.2S80.5,9.4,82.2,10.2zM98.6,10.2c1.5,0,2.6,0.4,2.6,2.1s-1.2,4.2-2.6,4.2c-1.5,0-3.7-0.4-3.7-2.1S97.1,10.2,98.6,10.2z M113.4,10.2c1.2,0,2.2,0.9,2.2,3.2s-0.1,3.2-1.3,3.2s-3.1-1.4-3.1-3.2S112.2,10.2,113.4,10.2z&#039;\/%3E%3C\/svg%3E&quot;);\">\n\t\t\t<span class=\"elementor-divider-separator\">\n\t\t\t\t\t\t\t<div class=\"elementor-icon elementor-divider__element\">\n\t\t\t\t\t<i aria-hidden=\"true\" class=\"fas fa-ellipsis-h\"><\/i><\/div>\n\t\t\t\t\t\t<\/span>\n\t\t<\/div>\n\t\t\t\t\t\t<\/div>\n\t\t\t\t<\/div>\n\t\t\t\t<div class=\"elementor-element elementor-element-7d59472 elementor-widget elementor-widget-text-editor\" data-id=\"7d59472\" data-element_type=\"widget\" data-e-type=\"widget\" data-widget_type=\"text-editor.default\">\n\t\t\t\t<div class=\"elementor-widget-container\">\n\t\t\t\t\t\t\t\t\t<h2 style=\"text-align: center;\"><span style=\"color: #a4d60d;\">.<\/span><span style=\"color: #1493c9;\">Les associations ou organisations non gouvernementales<\/span> <span style=\"color: #a4d60d;\">:<\/span><\/h2>\t\t\t\t\t\t\t\t<\/div>\n\t\t\t\t<\/div>\n\t\t\t\t<div class=\"elementor-element elementor-element-7e0da65 elementor-widget elementor-widget-text-editor\" data-id=\"7e0da65\" data-element_type=\"widget\" data-e-type=\"widget\" data-widget_type=\"text-editor.default\">\n\t\t\t\t<div class=\"elementor-widget-container\">\n\t\t\t\t\t\t\t\t\t<ul><li style=\"list-style-type: none;\"><ul><li><a href=\"http:\/\/www.agrepy.org\/\">AGREPY<\/a> : L\u2019association des Gardiens de Refuges des Pyr\u00e9n\u00e9es a pour but de rassembler, repr\u00e9senter, d\u00e9fendre et d\u00e9velopper le m\u00e9tier de gardien dans les Pyr\u00e9n\u00e9es<\/li><\/ul><\/li><\/ul><ul><li style=\"list-style-type: none;\"><ul><li><a href=\"http:\/\/refuges-05.com\/\">Association de Gardiens de refuge du 05<\/a> : L\u2019association des gardiens de refuges du 05 rassemble les gardiennes et gardiens, d\u00e9sireux de partager leurs connaissances de la vie en montagne et de faire d\u00e9couvrir leur profession<br \/><br \/><\/li><\/ul><\/li><li style=\"list-style-type: none;\"><ul><li><a href=\"http:\/\/www.cimalpes.fr\/\">Cin\u00e9math\u00e8que d\u2019images de montagne<\/a> : Un parcours th\u00e9matique rassemblant des documentaires traitant de la vie en refuge est consultable sur le site internet de la CIM<br \/><br \/><\/li><li><a href=\"http:\/\/www.cipra.org\/fr\">Commission Internationale pour la Protection des Alpes (CIPRA)<\/a> : \u00ab La Commission internationale pour la Protection des Alpes est une organisation non gouvernementale fond\u00e9e en 1952 f\u00e9d\u00e9rant plus d\u2019une centaine d\u2019organisations locales et r\u00e9gionales r\u00e9parties sur 7 pays de l\u2019Arc alpin. La CIPRA agit en faveur du d\u00e9veloppement soutenable et \u0153uvre pour la protection des Alpes. \u00bb<br \/><br \/><\/li><li><a href=\"http:\/\/refuges-refugios.forumactif.com\/\">Forum Refuges colloque international<\/a> : Forum d\u2019\u00e9changes cr\u00e9\u00e9 \u00e0 l\u2019issue du colloque international sur les refuges pyr\u00e9n\u00e9ens (d\u00e9cembre 2016) dont le but est de recueillir r\u00e9flexions et plans communs pour le d\u00e9veloppement de l\u2019accueil touristique en haute montagne pyr\u00e9n\u00e9enne.<br \/><br \/><\/li><li><a href=\"http:\/\/www.hautes-alpes.net\/fr\/tourisme\/essentiels\/hebergements\/refuges.html\">Hautes Alpes<\/a> : Annuaire et pr\u00e9sentation des 50 refuges du d\u00e9partement des Hautes Alpes<br \/><br \/><\/li><li><a href=\"http:\/\/www.isere-tourisme.com\/selection\/refuges\">Is\u00e8re tourisme<\/a> : Annuaire et pr\u00e9sentation des 36 refuges du d\u00e9partement de l\u2019Is\u00e8re<br \/><br \/><\/li><li><a href=\"https:\/\/www.mountainwilderness.fr\/\">Mountain Wilderness<\/a> : \u00ab Mountain Wilderness France est une association nationale reconnue d\u2019utilit\u00e9 publique qui propose une relation \u00e0 la montagne bas\u00e9e sur le respect des hommes et de la nature. Elle a vu le jour en 1988 au Congr\u00e8s d\u2019Evian et d\u00e9fend une approche globale de la montagne dans laquelle \u00ab\u00a0pr\u00e9servation du milieu naturel\u00a0\u00bb, \u00ab\u00a0\u00e9quit\u00e9 sociale\u00a0\u00bb et \u00ab\u00a0am\u00e9lioration de l\u2019\u00e9conomie\u00a0\u00bb constituent le m\u00eame d\u00e9fi. \u00bb<br \/><br \/><\/li><li><a href=\"http:\/\/www.refuges.info\/\">Refuges.info<\/a> : Refuges.info est un site collaboratif, une base de donn\u00e9es compl\u00e9t\u00e9e par ses visiteurs, qui regroupe de nombreuses informations sur les refuges de montagne des Pyr\u00e9n\u00e9es aux Alpes kamniques.<br \/><br \/><\/li><li><a href=\"http:\/\/www.sngrge.fr\">Syndicat National des Gardiens de Refuge<\/a> : Le syndicat national des gardiens de refuge (SNGRGE) a pour vocation de rassembler l\u2019ensemble des professionnels. Avec 130 refuges adh\u00e9rents, le syndicat met en r\u00e9seau les gardiens et gardiennes afin de valoriser les \u00e9changes et l\u2019entraide au sein de la profession. Associ\u00e9 aux autres syndicats (Guides, accompagnateurs, BE\u2026), aux f\u00e9d\u00e9rations (FFCAM, FFME\u2026) et aux institutions, le SNGRGE est \u00e9galement une force de r\u00e9flexion et de n\u00e9gociations dans le d\u00e9veloppement des activit\u00e9s de montagne.<br \/><br \/><\/li><li><a href=\"http:\/\/tourneedesrefuges.fr\/\">Tourn\u00e9e des refuges<\/a> : Collectif de musiciens parcourant, instruments sur le dos, les montagnes alpines et pyr\u00e9n\u00e9ennes durant la saison estivale, pour livrer chaque soir un concert dans un lieu diff\u00e9rent.<br \/><br \/><\/li><li><a href=\"http:\/\/www.tvmountain.com\/videos\/11-refuges.html\">TV Mountain<\/a> : La cha\u00eene de t\u00e9l\u00e9vision sur le Web sp\u00e9cialis\u00e9e sur le sujet de la montagne, propose de nombreux reportages et documentaires sur les refuges et leurs gardiens.<\/li><\/ul><\/li><\/ul>\t\t\t\t\t\t\t\t<\/div>\n\t\t\t\t<\/div>\n\t\t\t\t<div class=\"elementor-element elementor-element-49cbe35 elementor-widget-divider--view-line_icon elementor-widget-divider--separator-type-pattern elementor-widget-divider--no-spacing elementor-view-default elementor-widget-divider--element-align-center elementor-widget elementor-widget-divider\" data-id=\"49cbe35\" data-element_type=\"widget\" data-e-type=\"widget\" data-widget_type=\"divider.default\">\n\t\t\t\t<div class=\"elementor-widget-container\">\n\t\t\t\t\t\t\t<div class=\"elementor-divider\" style=\"--divider-pattern-url: url(&quot;data:image\/svg+xml,%3Csvg xmlns=&#039;http:\/\/www.w3.org\/2000\/svg&#039; preserveAspectRatio=&#039;xMidYMid meet&#039; overflow=&#039;visible&#039; height=&#039;100%&#039; viewBox=&#039;0 0 126 26&#039; fill=&#039;black&#039; stroke=&#039;none&#039;%3E%3Cpath d=&#039;M3,10.2c2.6,0,2.6,2,2.6,3.2S4.4,16.5,3,16.5s-3-1.4-3-3.2S0.4,10.2,3,10.2z M18.8,10.2c1.7,0,3.2,1.4,3.2,3.2s-1.4,3.2-3.2,3.2c-1.7,0-3.2-1.4-3.2-3.2S17,10.2,18.8,10.2z M34.6,10.2c1.5,0,2.6,1.4,2.6,3.2s-0.5,3.2-1.9,3.2c-1.5,0-3.4-1.4-3.4-3.2S33.1,10.2,34.6,10.2z M50.5,10.2c1.7,0,3.2,1.4,3.2,3.2s-1.4,3.2-3.2,3.2c-1.7,0-3.3-0.9-3.3-2.6S48.7,10.2,50.5,10.2z M66.2,10.2c1.5,0,3.4,1.4,3.4,3.2s-1.9,3.2-3.4,3.2c-1.5,0-2.6-0.4-2.6-2.1S64.8,10.2,66.2,10.2z M82.2,10.2c1.7,0.8,2.6,1.4,2.6,3.2s-0.1,3.2-1.6,3.2c-1.5,0-3.7-1.4-3.7-3.2S80.5,9.4,82.2,10.2zM98.6,10.2c1.5,0,2.6,0.4,2.6,2.1s-1.2,4.2-2.6,4.2c-1.5,0-3.7-0.4-3.7-2.1S97.1,10.2,98.6,10.2z M113.4,10.2c1.2,0,2.2,0.9,2.2,3.2s-0.1,3.2-1.3,3.2s-3.1-1.4-3.1-3.2S112.2,10.2,113.4,10.2z&#039;\/%3E%3C\/svg%3E&quot;);\">\n\t\t\t<span class=\"elementor-divider-separator\">\n\t\t\t\t\t\t\t<div class=\"elementor-icon elementor-divider__element\">\n\t\t\t\t\t<i aria-hidden=\"true\" class=\"fas fa-ellipsis-h\"><\/i><\/div>\n\t\t\t\t\t\t<\/span>\n\t\t<\/div>\n\t\t\t\t\t\t<\/div>\n\t\t\t\t<\/div>\n\t\t\t\t<div class=\"elementor-element elementor-element-cd066fb elementor-widget elementor-widget-spacer\" data-id=\"cd066fb\" data-element_type=\"widget\" data-e-type=\"widget\" data-widget_type=\"spacer.default\">\n\t\t\t\t<div class=\"elementor-widget-container\">\n\t\t\t\t\t\t\t<div class=\"elementor-spacer\">\n\t\t\t<div class=\"elementor-spacer-inner\"><\/div>\n\t\t<\/div>\n\t\t\t\t\t\t<\/div>\n\t\t\t\t<\/div>\n\t\t\t\t<div class=\"elementor-element elementor-element-3a3cd64 elementor-widget elementor-widget-text-editor\" data-id=\"3a3cd64\" data-element_type=\"widget\" data-e-type=\"widget\" data-widget_type=\"text-editor.default\">\n\t\t\t\t<div class=\"elementor-widget-container\">\n\t\t\t\t\t\t\t\t\t<h2 style=\"text-align: center;\"><span style=\"color: #a4d60d;\">.<\/span><span style=\"color: #1493c9;\">Les associations ou f\u00e9d\u00e9rations sportives<\/span> <span style=\"color: #a4d60d;\">:<\/span><\/h2>\t\t\t\t\t\t\t\t<\/div>\n\t\t\t\t<\/div>\n\t\t\t\t<div class=\"elementor-element elementor-element-183b8f7 elementor-widget elementor-widget-text-editor\" data-id=\"183b8f7\" data-element_type=\"widget\" data-e-type=\"widget\" data-widget_type=\"text-editor.default\">\n\t\t\t\t<div class=\"elementor-widget-container\">\n\t\t\t\t\t\t\t\t\t<ul><li>Cr\u00e9\u00e9 en 1874, le <a href=\"https:\/\/www.ffcam.fr\/\">Club alpin fran\u00e7ais (CAF)<\/a> est l&rsquo;une des plus anciennes associations consacr\u00e9es \u00e0 la pratique et \u00e0 la connaissance de la montagne sous tous ses aspects. En 1996, le Club alpin devient f\u00e9d\u00e9ration sportive. Elle se donne pour mission de rendre accessible au plus grand nombre une pratique autonome et responsable de la montagne. La FFCAM poss\u00e8de plus de 120 refuges sur le territoire fran\u00e7ais.<p>\u00a0<\/p><\/li><li><a href=\"http:\/\/jarretsdacier.fr\">Association sportive des Jarrets d\u2019Acier (JDA)<\/a> : Club de montagne de Grenoble proposant des activit\u00e9s sportives de montagne, Les Jarrets D\u2019Acier poss\u00e8dent le refuge de L\u2019Alpe du Pin au-dessus de Saint Christophe en Oisans dans le massif des \u00c9crins.<br \/><br \/><\/li><li><a href=\"https:\/\/std-montagne.fr\">Soci\u00e9t\u00e9 des Touristes du Dauphin\u00e9 (S.T.D.)<\/a> : Constitu\u00e9e en 1875, la Soci\u00e9t\u00e9 des Touristes du Dauphin\u00e9 est un club de montagne historique, qui est affili\u00e9 \u00e0 la F\u00e9d\u00e9ration Fran\u00e7aise de Montagne et d\u2019Escalade (FFME) et \u00e0 la F\u00e9d\u00e9ration Fran\u00e7aise de Randonn\u00e9e (FFR). Outre les activit\u00e9s sportives qu\u2019elle propose \u00e0 ses adh\u00e9rents, la STD poss\u00e8de et g\u00e8re 5 refuges dans le Dauphin\u00e9.<\/li><\/ul>\t\t\t\t\t\t\t\t<\/div>\n\t\t\t\t<\/div>\n\t\t\t\t<div class=\"elementor-element elementor-element-ecb1e86 elementor-widget-divider--view-line_icon elementor-widget-divider--separator-type-pattern elementor-widget-divider--no-spacing elementor-view-default elementor-widget-divider--element-align-center elementor-widget elementor-widget-divider\" data-id=\"ecb1e86\" data-element_type=\"widget\" data-e-type=\"widget\" data-widget_type=\"divider.default\">\n\t\t\t\t<div class=\"elementor-widget-container\">\n\t\t\t\t\t\t\t<div class=\"elementor-divider\" style=\"--divider-pattern-url: url(&quot;data:image\/svg+xml,%3Csvg xmlns=&#039;http:\/\/www.w3.org\/2000\/svg&#039; preserveAspectRatio=&#039;xMidYMid meet&#039; overflow=&#039;visible&#039; height=&#039;100%&#039; viewBox=&#039;0 0 126 26&#039; fill=&#039;black&#039; stroke=&#039;none&#039;%3E%3Cpath d=&#039;M3,10.2c2.6,0,2.6,2,2.6,3.2S4.4,16.5,3,16.5s-3-1.4-3-3.2S0.4,10.2,3,10.2z M18.8,10.2c1.7,0,3.2,1.4,3.2,3.2s-1.4,3.2-3.2,3.2c-1.7,0-3.2-1.4-3.2-3.2S17,10.2,18.8,10.2z M34.6,10.2c1.5,0,2.6,1.4,2.6,3.2s-0.5,3.2-1.9,3.2c-1.5,0-3.4-1.4-3.4-3.2S33.1,10.2,34.6,10.2z M50.5,10.2c1.7,0,3.2,1.4,3.2,3.2s-1.4,3.2-3.2,3.2c-1.7,0-3.3-0.9-3.3-2.6S48.7,10.2,50.5,10.2z M66.2,10.2c1.5,0,3.4,1.4,3.4,3.2s-1.9,3.2-3.4,3.2c-1.5,0-2.6-0.4-2.6-2.1S64.8,10.2,66.2,10.2z M82.2,10.2c1.7,0.8,2.6,1.4,2.6,3.2s-0.1,3.2-1.6,3.2c-1.5,0-3.7-1.4-3.7-3.2S80.5,9.4,82.2,10.2zM98.6,10.2c1.5,0,2.6,0.4,2.6,2.1s-1.2,4.2-2.6,4.2c-1.5,0-3.7-0.4-3.7-2.1S97.1,10.2,98.6,10.2z M113.4,10.2c1.2,0,2.2,0.9,2.2,3.2s-0.1,3.2-1.3,3.2s-3.1-1.4-3.1-3.2S112.2,10.2,113.4,10.2z&#039;\/%3E%3C\/svg%3E&quot;);\">\n\t\t\t<span class=\"elementor-divider-separator\">\n\t\t\t\t\t\t\t<div class=\"elementor-icon elementor-divider__element\">\n\t\t\t\t\t<i aria-hidden=\"true\" class=\"fas fa-ellipsis-h\"><\/i><\/div>\n\t\t\t\t\t\t<\/span>\n\t\t<\/div>\n\t\t\t\t\t\t<\/div>\n\t\t\t\t<\/div>\n\t\t\t\t<div class=\"elementor-element elementor-element-2b78f0e elementor-widget elementor-widget-spacer\" data-id=\"2b78f0e\" data-element_type=\"widget\" data-e-type=\"widget\" data-widget_type=\"spacer.default\">\n\t\t\t\t<div class=\"elementor-widget-container\">\n\t\t\t\t\t\t\t<div class=\"elementor-spacer\">\n\t\t\t<div class=\"elementor-spacer-inner\"><\/div>\n\t\t<\/div>\n\t\t\t\t\t\t<\/div>\n\t\t\t\t<\/div>\n\t\t\t\t<div class=\"elementor-element elementor-element-cc123b3 elementor-widget elementor-widget-text-editor\" data-id=\"cc123b3\" data-element_type=\"widget\" data-e-type=\"widget\" data-widget_type=\"text-editor.default\">\n\t\t\t\t<div class=\"elementor-widget-container\">\n\t\t\t\t\t\t\t\t\t<h2 style=\"text-align: center;\"><span style=\"color: #a4d60d;\">.<\/span><span style=\"color: #1493c9;\">Les institutions<\/span> <span style=\"color: #a4d60d;\">:<\/span><\/h2>\t\t\t\t\t\t\t\t<\/div>\n\t\t\t\t<\/div>\n\t\t\t\t<div class=\"elementor-element elementor-element-7a1bfa7 elementor-widget elementor-widget-text-editor\" data-id=\"7a1bfa7\" data-element_type=\"widget\" data-e-type=\"widget\" data-widget_type=\"text-editor.default\">\n\t\t\t\t<div class=\"elementor-widget-container\">\n\t\t\t\t\t\t\t\t\t<ul><li><a href=\"http:\/\/www.educalpes.fr\/\">Educ\u2019alpes<\/a> (ex-REEMA) : \u00ab Educ\u2019alpes, R\u00e9seau d\u2019\u00e9ducation \u00e0 la montagne alpine, a pour finalit\u00e9 la mise en r\u00e9seau des acteurs du massif alpin fran\u00e7ais, pour le d\u00e9veloppement et la promotion de l\u2019\u00e9ducation \u00e0 la montagne, dans une perspective de d\u00e9veloppement durable. L\u2019\u00e9ducation \u00e0 la montagne regroupe les actions d\u2019information, de sensibilisation, d\u2019\u00e9ducation, de formation sur la montagne, ses patrimoines naturels et culturels ainsi que ses enjeux, aupr\u00e8s de divers publics (habitants, vacanciers, \u00e9lus, d\u00e9cideurs, professionnels, jeunes, etc.). \u00bb<br \/><br \/><\/li><li><a href=\"http:\/\/www.isthia.fr\/du-gardien-de-refuge-de-montagne-487.html\">Institut Sup\u00e9rieur du Tourisme de l\u2019H\u00f4tel et de l\u2019Alimentation<\/a> (ISTHA) : L\u2019ISTHA, rattach\u00e9 \u00e0 l\u2019universit\u00e9 de Toulouse2-Le Mirail, est le seul institut formant les gardiens de refuge \u00e0 leur futur m\u00e9tier. Le Dipl\u00f4me Universitaire de gardien de refuge a pour but de former les futurs professionnels \u00e0 l\u2019accueil touristique et \u00e0 la restauration, mais aussi \u00e0 la gestion d\u2019entreprise et au milieu montagnard dans lequel ils travailleront.<br \/><br \/><\/li><li><a href=\"http:\/\/fresques.ina.fr\/montagnes\/liste\/recherche\/refuge\/s#sort\/-pertinence-\/direction\/DESC\/page\/1\/size\/10\">Montagnes Magiques, 100 ans de tourisme alpin \u00e0 l\u2019\u00e9cran<\/a> : Montagnes Magiques propose une s\u00e9lection d\u2019archives de l\u2019INA, du mus\u00e9e Dauphinois et de la Cin\u00e9math\u00e8que des Pays de Savoie et de l\u2019Ain sur le tourisme alpin depuis plus d\u2019un si\u00e8cle.<\/li><\/ul>\t\t\t\t\t\t\t\t<\/div>\n\t\t\t\t<\/div>\n\t\t\t\t\t<\/div>\n\t\t<\/div>\n\t\t\t\t\t<\/div>\n\t\t<\/section>\n\t\t\t\t<section class=\"elementor-section elementor-top-section elementor-element elementor-element-83f78a9 elementor-section-boxed elementor-section-height-default elementor-section-height-default\" data-id=\"83f78a9\" data-element_type=\"section\" data-e-type=\"section\">\n\t\t\t\t\t\t<div class=\"elementor-container elementor-column-gap-default\">\n\t\t\t\t\t<div class=\"elementor-column elementor-col-100 elementor-top-column elementor-element elementor-element-5eda508\" data-id=\"5eda508\" data-element_type=\"column\" data-e-type=\"column\">\n\t\t\t<div class=\"elementor-widget-wrap elementor-element-populated\">\n\t\t\t\t\t\t<div class=\"elementor-element elementor-element-eecf619 elementor-widget-divider--view-line_icon elementor-widget-divider--separator-type-pattern elementor-widget-divider--no-spacing elementor-view-default elementor-widget-divider--element-align-center elementor-widget elementor-widget-divider\" data-id=\"eecf619\" data-element_type=\"widget\" data-e-type=\"widget\" data-widget_type=\"divider.default\">\n\t\t\t\t<div class=\"elementor-widget-container\">\n\t\t\t\t\t\t\t<div class=\"elementor-divider\" style=\"--divider-pattern-url: url(&quot;data:image\/svg+xml,%3Csvg xmlns=&#039;http:\/\/www.w3.org\/2000\/svg&#039; preserveAspectRatio=&#039;xMidYMid meet&#039; overflow=&#039;visible&#039; height=&#039;100%&#039; viewBox=&#039;0 0 126 26&#039; fill=&#039;black&#039; stroke=&#039;none&#039;%3E%3Cpath d=&#039;M3,10.2c2.6,0,2.6,2,2.6,3.2S4.4,16.5,3,16.5s-3-1.4-3-3.2S0.4,10.2,3,10.2z M18.8,10.2c1.7,0,3.2,1.4,3.2,3.2s-1.4,3.2-3.2,3.2c-1.7,0-3.2-1.4-3.2-3.2S17,10.2,18.8,10.2z M34.6,10.2c1.5,0,2.6,1.4,2.6,3.2s-0.5,3.2-1.9,3.2c-1.5,0-3.4-1.4-3.4-3.2S33.1,10.2,34.6,10.2z M50.5,10.2c1.7,0,3.2,1.4,3.2,3.2s-1.4,3.2-3.2,3.2c-1.7,0-3.3-0.9-3.3-2.6S48.7,10.2,50.5,10.2z M66.2,10.2c1.5,0,3.4,1.4,3.4,3.2s-1.9,3.2-3.4,3.2c-1.5,0-2.6-0.4-2.6-2.1S64.8,10.2,66.2,10.2z M82.2,10.2c1.7,0.8,2.6,1.4,2.6,3.2s-0.1,3.2-1.6,3.2c-1.5,0-3.7-1.4-3.7-3.2S80.5,9.4,82.2,10.2zM98.6,10.2c1.5,0,2.6,0.4,2.6,2.1s-1.2,4.2-2.6,4.2c-1.5,0-3.7-0.4-3.7-2.1S97.1,10.2,98.6,10.2z M113.4,10.2c1.2,0,2.2,0.9,2.2,3.2s-0.1,3.2-1.3,3.2s-3.1-1.4-3.1-3.2S112.2,10.2,113.4,10.2z&#039;\/%3E%3C\/svg%3E&quot;);\">\n\t\t\t<span class=\"elementor-divider-separator\">\n\t\t\t\t\t\t\t<div class=\"elementor-icon elementor-divider__element\">\n\t\t\t\t\t<i aria-hidden=\"true\" class=\"fas fa-ellipsis-h\"><\/i><\/div>\n\t\t\t\t\t\t<\/span>\n\t\t<\/div>\n\t\t\t\t\t\t<\/div>\n\t\t\t\t<\/div>\n\t\t\t\t<div class=\"elementor-element elementor-element-12218c6 elementor-widget elementor-widget-spacer\" data-id=\"12218c6\" data-element_type=\"widget\" data-e-type=\"widget\" data-widget_type=\"spacer.default\">\n\t\t\t\t<div class=\"elementor-widget-container\">\n\t\t\t\t\t\t\t<div class=\"elementor-spacer\">\n\t\t\t<div class=\"elementor-spacer-inner\"><\/div>\n\t\t<\/div>\n\t\t\t\t\t\t<\/div>\n\t\t\t\t<\/div>\n\t\t\t\t\t<\/div>\n\t\t<\/div>\n\t\t\t\t\t<\/div>\n\t\t<\/section>\n\t\t\t\t<\/div>\n\t\t","protected":false},"excerpt":{"rendered":"<p>Vous trouverez ici les liens qui vous conduiront vers les diff\u00e9rents sites de nos partenaires ou des institutions li\u00e9es aux refuges. N\u2019h\u00e9sitez pas \u00e0 nous signaler des liens qui vous sembleraient pertinents ! .Les associations ou organisations non gouvernementales : AGREPY : L\u2019association des Gardiens de Refuges des Pyr\u00e9n\u00e9es a pour but de rassembler, repr\u00e9senter,&hellip; <br \/> <a class=\"button small blue\" href=\"https:\/\/refuges-sentinelles.org\/index.php\/liens-web\/\">Lire la suite<\/a><\/p>\n","protected":false},"author":1,"featured_media":0,"parent":0,"menu_order":0,"comment_status":"closed","ping_status":"closed","template":"","meta":{"footnotes":""},"class_list":["post-648","page","type-page","status-publish","hentry"],"_links":{"self":[{"href":"https:\/\/refuges-sentinelles.org\/index.php\/wp-json\/wp\/v2\/pages\/648","targetHints":{"allow":["GET"]}}],"collection":[{"href":"https:\/\/refuges-sentinelles.org\/index.php\/wp-json\/wp\/v2\/pages"}],"about":[{"href":"https:\/\/refuges-sentinelles.org\/index.php\/wp-json\/wp\/v2\/types\/page"}],"author":[{"embeddable":true,"href":"https:\/\/refuges-sentinelles.org\/index.php\/wp-json\/wp\/v2\/users\/1"}],"replies":[{"embeddable":true,"href":"https:\/\/refuges-sentinelles.org\/index.php\/wp-json\/wp\/v2\/comments?post=648"}],"version-history":[{"count":13,"href":"https:\/\/refuges-sentinelles.org\/index.php\/wp-json\/wp\/v2\/pages\/648\/revisions"}],"predecessor-version":[{"id":980,"href":"https:\/\/refuges-sentinelles.org\/index.php\/wp-json\/wp\/v2\/pages\/648\/revisions\/980"}],"wp:attachment":[{"href":"https:\/\/refuges-sentinelles.org\/index.php\/wp-json\/wp\/v2\/media?parent=648"}],"curies":[{"name":"wp","href":"https:\/\/api.w.org\/{rel}","templated":true}]}}