{"id":1931,"date":"2023-09-04T10:15:39","date_gmt":"2023-09-04T08:15:39","guid":{"rendered":"http:\/\/refuges-sentinelles.org\/?page_id=1931"},"modified":"2025-12-11T15:13:24","modified_gmt":"2025-12-11T14:13:24","slug":"refugesaucoeurdestransitions","status":"publish","type":"page","link":"https:\/\/refuges-sentinelles.org\/index.php\/documentation\/refugesaucoeurdestransitions\/","title":{"rendered":"Rencontres \u00ab\u00a0Les refuges au coeur des transitions\u00a0\u00bb &#8211; Brian\u00e7on 2023"},"content":{"rendered":"\t\t<div data-elementor-type=\"wp-page\" data-elementor-id=\"1931\" class=\"elementor elementor-1931\">\n\t\t\t\t\t\t<section class=\"elementor-section elementor-top-section elementor-element elementor-element-897b6b9 elementor-section-boxed elementor-section-height-default elementor-section-height-default\" data-id=\"897b6b9\" data-element_type=\"section\" data-e-type=\"section\">\n\t\t\t\t\t\t<div class=\"elementor-container elementor-column-gap-default\">\n\t\t\t\t\t<div class=\"elementor-column elementor-col-100 elementor-top-column elementor-element elementor-element-f88b8be\" data-id=\"f88b8be\" data-element_type=\"column\" data-e-type=\"column\">\n\t\t\t<div class=\"elementor-widget-wrap elementor-element-populated\">\n\t\t\t\t\t\t<div class=\"elementor-element elementor-element-d4c78f5 elementor-widget elementor-widget-heading\" data-id=\"d4c78f5\" data-element_type=\"widget\" data-e-type=\"widget\" data-widget_type=\"heading.default\">\n\t\t\t\t<div class=\"elementor-widget-container\">\n\t\t\t\t\t<h2 class=\"elementor-heading-title elementor-size-xl\">Rencontres : \"Les refuges au coeur des transitions\".<br>Th\u00e9\u00e2tre de Brian\u00e7on, 7-8-9 d\u00e9cembre 2023<\/h2>\t\t\t\t<\/div>\n\t\t\t\t<\/div>\n\t\t\t\t<div class=\"elementor-element elementor-element-f9c5590 elementor-widget elementor-widget-text-editor\" data-id=\"f9c5590\" data-element_type=\"widget\" data-e-type=\"widget\" data-widget_type=\"text-editor.default\">\n\t\t\t\t<div class=\"elementor-widget-container\">\n\t\t\t\t\t\t\t\t\t<p>Dans le cadre des 50 ans du Parc national des Ecrins, Refuges Sentinelles s&rsquo;associe au PNE, la FFCAM, le Syndicat des gardien.nes et le commissariat de massif des Alpes pour organiser 3 jours de conf\u00e9rences et ateliers sur les diff\u00e9rents enjeux des refuges. <\/p>\t\t\t\t\t\t\t\t<\/div>\n\t\t\t\t<\/div>\n\t\t\t\t<section class=\"elementor-section elementor-inner-section elementor-element elementor-element-389607f elementor-section-boxed elementor-section-height-default elementor-section-height-default\" data-id=\"389607f\" data-element_type=\"section\" data-e-type=\"section\">\n\t\t\t\t\t\t<div class=\"elementor-container elementor-column-gap-default\">\n\t\t\t\t\t<div class=\"elementor-column elementor-col-50 elementor-inner-column elementor-element elementor-element-dded1d0\" data-id=\"dded1d0\" data-element_type=\"column\" data-e-type=\"column\">\n\t\t\t<div class=\"elementor-widget-wrap elementor-element-populated\">\n\t\t\t\t\t\t<div class=\"elementor-element elementor-element-74892cc elementor-widget elementor-widget-image\" data-id=\"74892cc\" data-element_type=\"widget\" data-e-type=\"widget\" data-widget_type=\"image.default\">\n\t\t\t\t<div class=\"elementor-widget-container\">\n\t\t\t\t\t\t\t\t\t\t\t\t\t\t\t<img fetchpriority=\"high\" decoding=\"async\" width=\"551\" height=\"782\" src=\"https:\/\/refuges-sentinelles.org\/wp-content\/uploads\/2024\/03\/Annotation-2024-03-06-094748.webp\" class=\"attachment-large size-large wp-image-2009\" alt=\"\" srcset=\"https:\/\/refuges-sentinelles.org\/wp-content\/uploads\/2024\/03\/Annotation-2024-03-06-094748.webp 551w, https:\/\/refuges-sentinelles.org\/wp-content\/uploads\/2024\/03\/Annotation-2024-03-06-094748-211x300.webp 211w\" sizes=\"(max-width: 551px) 100vw, 551px\" \/>\t\t\t\t\t\t\t\t\t\t\t\t\t\t\t<\/div>\n\t\t\t\t<\/div>\n\t\t\t\t\t<\/div>\n\t\t<\/div>\n\t\t\t\t<div class=\"elementor-column elementor-col-50 elementor-inner-column elementor-element elementor-element-43e4d55\" data-id=\"43e4d55\" data-element_type=\"column\" data-e-type=\"column\">\n\t\t\t<div class=\"elementor-widget-wrap elementor-element-populated\">\n\t\t\t\t\t\t<div class=\"elementor-element elementor-element-9114c66 elementor-widget elementor-widget-image\" data-id=\"9114c66\" data-element_type=\"widget\" data-e-type=\"widget\" data-widget_type=\"image.default\">\n\t\t\t\t<div class=\"elementor-widget-container\">\n\t\t\t\t\t\t\t\t\t\t\t\t\t\t\t<img decoding=\"async\" width=\"552\" height=\"779\" src=\"https:\/\/refuges-sentinelles.org\/wp-content\/uploads\/2024\/03\/Annotation-2024-03-06-094814.webp\" class=\"attachment-large size-large wp-image-2008\" alt=\"\" srcset=\"https:\/\/refuges-sentinelles.org\/wp-content\/uploads\/2024\/03\/Annotation-2024-03-06-094814.webp 552w, https:\/\/refuges-sentinelles.org\/wp-content\/uploads\/2024\/03\/Annotation-2024-03-06-094814-213x300.webp 213w\" sizes=\"(max-width: 552px) 100vw, 552px\" \/>\t\t\t\t\t\t\t\t\t\t\t\t\t\t\t<\/div>\n\t\t\t\t<\/div>\n\t\t\t\t\t<\/div>\n\t\t<\/div>\n\t\t\t\t\t<\/div>\n\t\t<\/section>\n\t\t\t\t\t<\/div>\n\t\t<\/div>\n\t\t\t\t\t<\/div>\n\t\t<\/section>\n\t\t\t\t<section class=\"elementor-section elementor-top-section elementor-element elementor-element-b09f690 elementor-section-boxed elementor-section-height-default elementor-section-height-default\" data-id=\"b09f690\" data-element_type=\"section\" data-e-type=\"section\">\n\t\t\t\t\t\t<div class=\"elementor-container elementor-column-gap-default\">\n\t\t\t\t\t<div class=\"elementor-column elementor-col-100 elementor-top-column elementor-element elementor-element-15d43d5\" data-id=\"15d43d5\" data-element_type=\"column\" data-e-type=\"column\">\n\t\t\t<div class=\"elementor-widget-wrap elementor-element-populated\">\n\t\t\t\t\t\t<div class=\"elementor-element elementor-element-e209a60 elementor-widget elementor-widget-text-editor\" data-id=\"e209a60\" data-element_type=\"widget\" data-e-type=\"widget\" data-widget_type=\"text-editor.default\">\n\t\t\t\t<div class=\"elementor-widget-container\">\n\t\t\t\t\t\t\t\t\t<p>Vous pouvez retrouver une grande partie des ressources bibliographiques utilis\u00e9es lors des rencontres <a href=\"http:\/\/refuges-sentinelles.org\/index.php\/espace_documentaire\/\">sur cette page<\/a><\/p>\t\t\t\t\t\t\t\t<\/div>\n\t\t\t\t<\/div>\n\t\t\t\t\t<\/div>\n\t\t<\/div>\n\t\t\t\t\t<\/div>\n\t\t<\/section>\n\t\t\t\t<section class=\"elementor-section elementor-top-section elementor-element elementor-element-735f178 elementor-section-boxed elementor-section-height-default elementor-section-height-default\" data-id=\"735f178\" data-element_type=\"section\" data-e-type=\"section\">\n\t\t\t\t\t\t<div class=\"elementor-container elementor-column-gap-default\">\n\t\t\t\t\t<div class=\"elementor-column elementor-col-100 elementor-top-column elementor-element elementor-element-13bb026\" data-id=\"13bb026\" data-element_type=\"column\" data-e-type=\"column\">\n\t\t\t<div class=\"elementor-widget-wrap elementor-element-populated\">\n\t\t\t\t\t\t<div class=\"elementor-element elementor-element-ab791c6 elementor-widget elementor-widget-heading\" data-id=\"ab791c6\" data-element_type=\"widget\" data-e-type=\"widget\" data-widget_type=\"heading.default\">\n\t\t\t\t<div class=\"elementor-widget-container\">\n\t\t\t\t\t<h3 class=\"elementor-heading-title elementor-size-default\">Les actes complets des rencontres \"Refuges au coeur des transitions\" sont disponibles en cliquant ci-dessous<\/h3>\t\t\t\t<\/div>\n\t\t\t\t<\/div>\n\t\t\t\t<div class=\"elementor-element elementor-element-160e779 elementor-widget elementor-widget-text-editor\" data-id=\"160e779\" data-element_type=\"widget\" data-e-type=\"widget\" data-widget_type=\"text-editor.default\">\n\t\t\t\t<div class=\"elementor-widget-container\">\n\t\t\t\t\t\t\t\t\t<h4><a href=\"http:\/\/refuges-sentinelles.org\/wp-content\/uploads\/2024\/05\/A3_ACTES_REFUGES_web_compressed.pdf\"><img decoding=\"async\" class=\"size-full wp-image-2120 aligncenter\" src=\"http:\/\/refuges-sentinelles.org\/wp-content\/uploads\/2024\/04\/1ere-page-actes.jpg\" alt=\"\" width=\"651\" height=\"915\" \/><\/a><\/h4><p><a href=\"http:\/\/refuges-sentinelles.org\/wp-content\/uploads\/2024\/05\/A4_ACTES_REFUGES_web_compressed.pdf\">(disponible \u00e9galement ici au format A4)<\/a><\/p>\t\t\t\t\t\t\t\t<\/div>\n\t\t\t\t<\/div>\n\t\t\t\t<div class=\"elementor-element elementor-element-a0a301d elementor-widget elementor-widget-text-editor\" data-id=\"a0a301d\" data-element_type=\"widget\" data-e-type=\"widget\" data-widget_type=\"text-editor.default\">\n\t\t\t\t<div class=\"elementor-widget-container\">\n\t\t\t\t\t\t\t\t\t<h6>Version italienne ci-dessous<\/h6>\t\t\t\t\t\t\t\t<\/div>\n\t\t\t\t<\/div>\n\t\t\t\t<div class=\"elementor-element elementor-element-29fd5a7 elementor-widget elementor-widget-text-editor\" data-id=\"29fd5a7\" data-element_type=\"widget\" data-e-type=\"widget\" data-widget_type=\"text-editor.default\">\n\t\t\t\t<div class=\"elementor-widget-container\">\n\t\t\t\t\t\t\t\t\t<p><a href=\"http:\/\/refuges-sentinelles.org\/wp-content\/uploads\/2024\/10\/Incontri-rifugi.pdf\"><img loading=\"lazy\" decoding=\"async\" class=\"size-full wp-image-2174 aligncenter\" src=\"http:\/\/refuges-sentinelles.org\/wp-content\/uploads\/2024\/10\/Annotation-2024-10-15-135248.jpg\" alt=\"\" width=\"631\" height=\"883\" \/><\/a><\/p>\t\t\t\t\t\t\t\t<\/div>\n\t\t\t\t<\/div>\n\t\t\t\t<div class=\"elementor-element elementor-element-a99a889 elementor-widget elementor-widget-heading\" data-id=\"a99a889\" data-element_type=\"widget\" data-e-type=\"widget\" data-widget_type=\"heading.default\">\n\t\t\t\t<div class=\"elementor-widget-container\">\n\t\t\t\t\t<h3 class=\"elementor-heading-title elementor-size-default\">Enregistrements de la salle pl\u00e9ni\u00e8re<\/h3>\t\t\t\t<\/div>\n\t\t\t\t<\/div>\n\t\t\t\t<div class=\"elementor-element elementor-element-b578584 elementor-widget elementor-widget-text-editor\" data-id=\"b578584\" data-element_type=\"widget\" data-e-type=\"widget\" data-widget_type=\"text-editor.default\">\n\t\t\t\t<div class=\"elementor-widget-container\">\n\t\t\t\t\t\t\t\t\t<p>L&rsquo;int\u00e9gralit\u00e9 des \u00e9changes dans la salle pl\u00e9ni\u00e8re ont \u00e9t\u00e9 enregistr\u00e9s et sont disponibles ci-dessous<\/p><ul><li>Jour 1<ul><li>Ouverture des rencontres \/ D\u00e9finir le refuge, un panorama chiffr\u00e9 des refuges alpins \/ Les d\u00e9fis culturels, environnementaux, \u00e9conomiques, juridiques\u00a0 et territoriaux des refuges : quelle mise en pratique ? (<a href=\"https:\/\/www.youtube.com\/watch?v=X9LnNUmXo8M\">\u00e0 retrouver ici<\/a>)<\/li><li>Impacts environnementaux et des crises sur l&rsquo;acc\u00e8s aux sites, les itin\u00e9raires, la fr\u00e9quentation et les pratiques \/ Quelles adaptations dans le fonctionnement (atelier) (<a href=\"https:\/\/www.youtube.com\/watch?v=9YidR4ex-8s\">\u00e0 retrouver ic<\/a>i)<\/li><\/ul><\/li><li>Jour 2<ul><li>Les missions d&rsquo;int\u00e9r\u00eat g\u00e9n\u00e9ral du refuge et l&rsquo;\u00e9volution de leurs r\u00f4les (<a href=\"https:\/\/www.youtube.com\/watch?v=qGsKDENvKOw\">\u00e0 retrouver ici<\/a>)<\/li><li>Le refuge pour accueillir et transmettre (atelier) (<a href=\"https:\/\/www.youtube.com\/watch?v=YI0rdC4ADRk\">\u00e0 retrouver ic<\/a>i)<\/li><li>Des b\u00e2timents en site isol\u00e9, quel niveau d&rsquo;exemplarit\u00e9 et de contribution \u00e0 la transition (<a href=\"https:\/\/www.youtube.com\/watch?v=eMNKMBJ_lG4\">\u00e0 retrouver ici<\/a>)<\/li><li>Ressource et milieux, quelles innovations techniques pour la transition (atelier) (<a href=\"https:\/\/www.youtube.com\/watch?v=FxHtswWP5hg\">\u00e0 retrouver ici<\/a>)<\/li><\/ul><\/li><li>Jour 3<ul><li>Apports et perspectives des rencontres, quelles pistes pour l&rsquo;avenir des refuges \/ mod\u00e8le \u00e9conomique et enjeux financiers (<a href=\"https:\/\/www.youtube.com\/watch?v=5VLF_QSltGE\">\u00e0 retrouver ici<\/a>)<\/li><li>Le r\u00f4le structurant des refuges dans la transition des territoires, vers des engagements communs pour l&rsquo;avenir (<a href=\"https:\/\/www.youtube.com\/watch?v=i-yvbGsO_Jw\">\u00e0 retrouver ici<\/a>)<\/li><\/ul><\/li><\/ul>\t\t\t\t\t\t\t\t<\/div>\n\t\t\t\t<\/div>\n\t\t\t\t\t<\/div>\n\t\t<\/div>\n\t\t\t\t\t<\/div>\n\t\t<\/section>\n\t\t\t\t<section class=\"elementor-section elementor-top-section elementor-element elementor-element-3653c0b elementor-section-boxed elementor-section-height-default elementor-section-height-default\" data-id=\"3653c0b\" data-element_type=\"section\" data-e-type=\"section\">\n\t\t\t\t\t\t<div class=\"elementor-container elementor-column-gap-default\">\n\t\t\t\t\t<div class=\"elementor-column elementor-col-100 elementor-top-column elementor-element elementor-element-973d638\" data-id=\"973d638\" data-element_type=\"column\" data-e-type=\"column\">\n\t\t\t<div class=\"elementor-widget-wrap elementor-element-populated\">\n\t\t\t\t\t\t<div class=\"elementor-element elementor-element-bd52886 elementor-widget elementor-widget-heading\" data-id=\"bd52886\" data-element_type=\"widget\" data-e-type=\"widget\" data-widget_type=\"heading.default\">\n\t\t\t\t<div class=\"elementor-widget-container\">\n\t\t\t\t\t<h3 class=\"elementor-heading-title elementor-size-default\">Autres m\u00e9dias<\/h3>\t\t\t\t<\/div>\n\t\t\t\t<\/div>\n\t\t\t\t<div class=\"elementor-element elementor-element-414f835 elementor-widget elementor-widget-text-editor\" data-id=\"414f835\" data-element_type=\"widget\" data-e-type=\"widget\" data-widget_type=\"text-editor.default\">\n\t\t\t\t<div class=\"elementor-widget-container\">\n\t\t\t\t\t\t\t\t\t<p>Alpes &amp; Midi, <a href=\"https:\/\/www.alpes-et-midi.fr\/actualite-9319-les-refuges-au-coeur-des-transitions\">Les refuges au c\u0153ur des transitions<\/a><\/p><p>Parcs nationaux, <a href=\"https:\/\/www.parcsnationaux.fr\/fr\/actualites\/les-refuges-au-coeur-des-transitions\">Les refuges au c\u0153ur des transitions<\/a><\/p><p>Parc national des \u00c9crins, <a href=\"https:\/\/www.ecrins-parcnational.fr\/actualite\/refuges-coeur-discussions\">Les refuges au c\u0153ur des discussions<\/a><\/p><p>\u00a0<\/p><p>\u00a0<\/p>\t\t\t\t\t\t\t\t<\/div>\n\t\t\t\t<\/div>\n\t\t\t\t\t<\/div>\n\t\t<\/div>\n\t\t\t\t\t<\/div>\n\t\t<\/section>\n\t\t\t\t<section class=\"elementor-section elementor-top-section elementor-element elementor-element-6b92865 elementor-section-boxed elementor-section-height-default elementor-section-height-default\" data-id=\"6b92865\" data-element_type=\"section\" data-e-type=\"section\">\n\t\t\t\t\t\t<div class=\"elementor-container elementor-column-gap-default\">\n\t\t\t\t\t<div class=\"elementor-column elementor-col-100 elementor-top-column elementor-element elementor-element-bfc58c6\" data-id=\"bfc58c6\" data-element_type=\"column\" data-e-type=\"column\">\n\t\t\t<div class=\"elementor-widget-wrap elementor-element-populated\">\n\t\t\t\t\t\t<div class=\"elementor-element elementor-element-bdd8f61 elementor-widget elementor-widget-heading\" data-id=\"bdd8f61\" data-element_type=\"widget\" data-e-type=\"widget\" data-widget_type=\"heading.default\">\n\t\t\t\t<div class=\"elementor-widget-container\">\n\t\t\t\t\t<h2 class=\"elementor-heading-title elementor-size-default\">Plateforme Refuges au coeur des transitions<\/h2>\t\t\t\t<\/div>\n\t\t\t\t<\/div>\n\t\t\t\t<div class=\"elementor-element elementor-element-5fe8486 elementor-widget elementor-widget-text-editor\" data-id=\"5fe8486\" data-element_type=\"widget\" data-e-type=\"widget\" data-widget_type=\"text-editor.default\">\n\t\t\t\t<div class=\"elementor-widget-container\">\n\t\t\t\t\t\t\t\t\t<p>Le document\u00a0<em>Plateforme refuges au coeur des transitions<\/em>, qui met en avant les enjeux identifi\u00e9s par les rencontres de Brian\u00e7on ainsi que les pistes d&rsquo;actions, est disponible <a href=\"http:\/\/refuges-sentinelles.org\/wp-content\/uploads\/2025\/12\/FR_PLATEFORMEtransfontaliere.pdf\">en suivant ce lien.\u00a0<\/a><\/p>\t\t\t\t\t\t\t\t<\/div>\n\t\t\t\t<\/div>\n\t\t\t\t\t<\/div>\n\t\t<\/div>\n\t\t\t\t\t<\/div>\n\t\t<\/section>\n\t\t\t\t<\/div>\n\t\t","protected":false},"excerpt":{"rendered":"<p>Rencontres : \u00ab\u00a0Les refuges au coeur des transitions\u00a0\u00bb.Th\u00e9\u00e2tre de Brian\u00e7on, 7-8-9 d\u00e9cembre 2023 Dans le cadre des 50 ans du Parc national des Ecrins, Refuges Sentinelles s&rsquo;associe au PNE, la FFCAM, le Syndicat des gardien.nes et le commissariat de massif des Alpes pour organiser 3 jours de conf\u00e9rences et ateliers sur les diff\u00e9rents enjeux des&hellip; <br \/> <a class=\"button small blue\" href=\"https:\/\/refuges-sentinelles.org\/index.php\/documentation\/refugesaucoeurdestransitions\/\">Lire la suite<\/a><\/p>\n","protected":false},"author":1,"featured_media":0,"parent":612,"menu_order":1,"comment_status":"closed","ping_status":"closed","template":"","meta":{"footnotes":""},"class_list":["post-1931","page","type-page","status-publish","hentry"],"_links":{"self":[{"href":"https:\/\/refuges-sentinelles.org\/index.php\/wp-json\/wp\/v2\/pages\/1931","targetHints":{"allow":["GET"]}}],"collection":[{"href":"https:\/\/refuges-sentinelles.org\/index.php\/wp-json\/wp\/v2\/pages"}],"about":[{"href":"https:\/\/refuges-sentinelles.org\/index.php\/wp-json\/wp\/v2\/types\/page"}],"author":[{"embeddable":true,"href":"https:\/\/refuges-sentinelles.org\/index.php\/wp-json\/wp\/v2\/users\/1"}],"replies":[{"embeddable":true,"href":"https:\/\/refuges-sentinelles.org\/index.php\/wp-json\/wp\/v2\/comments?post=1931"}],"version-history":[{"count":79,"href":"https:\/\/refuges-sentinelles.org\/index.php\/wp-json\/wp\/v2\/pages\/1931\/revisions"}],"predecessor-version":[{"id":2484,"href":"https:\/\/refuges-sentinelles.org\/index.php\/wp-json\/wp\/v2\/pages\/1931\/revisions\/2484"}],"up":[{"embeddable":true,"href":"https:\/\/refuges-sentinelles.org\/index.php\/wp-json\/wp\/v2\/pages\/612"}],"wp:attachment":[{"href":"https:\/\/refuges-sentinelles.org\/index.php\/wp-json\/wp\/v2\/media?parent=1931"}],"curies":[{"name":"wp","href":"https:\/\/api.w.org\/{rel}","templated":true}]}}