{"id":1569,"date":"2022-01-19T17:08:03","date_gmt":"2022-01-19T16:08:03","guid":{"rendered":"http:\/\/refuges-sentinelles.org\/?page_id=1569"},"modified":"2025-01-13T15:09:14","modified_gmt":"2025-01-13T14:09:14","slug":"les-acteurs-du-reseau","status":"publish","type":"page","link":"https:\/\/refuges-sentinelles.org\/index.php\/les-acteurs-du-reseau\/","title":{"rendered":"Les acteurs du r\u00e9seau"},"content":{"rendered":"\t\t<div data-elementor-type=\"wp-page\" data-elementor-id=\"1569\" class=\"elementor elementor-1569\">\n\t\t\t\t\t\t<section class=\"elementor-section elementor-top-section elementor-element elementor-element-abdcf6b elementor-section-boxed elementor-section-height-default elementor-section-height-default\" data-id=\"abdcf6b\" data-element_type=\"section\" data-e-type=\"section\">\n\t\t\t\t\t\t<div class=\"elementor-container elementor-column-gap-default\">\n\t\t\t\t\t<div class=\"elementor-column elementor-col-100 elementor-top-column elementor-element elementor-element-4bf0480\" data-id=\"4bf0480\" data-element_type=\"column\" data-e-type=\"column\">\n\t\t\t<div class=\"elementor-widget-wrap elementor-element-populated\">\n\t\t\t\t\t\t<div class=\"elementor-element elementor-element-dae84e2 elementor-widget elementor-widget-heading\" data-id=\"dae84e2\" data-element_type=\"widget\" data-e-type=\"widget\" data-widget_type=\"heading.default\">\n\t\t\t\t<div class=\"elementor-widget-container\">\n\t\t\t\t\t<h2 class=\"elementor-heading-title elementor-size-default\">D\u00e9couvrez qui sont ceux et celles qui font Refuges Sentinelles<\/h2>\t\t\t\t<\/div>\n\t\t\t\t<\/div>\n\t\t\t\t\t<\/div>\n\t\t<\/div>\n\t\t\t\t\t<\/div>\n\t\t<\/section>\n\t\t\t\t<section class=\"elementor-section elementor-top-section elementor-element elementor-element-c4fe5c6 elementor-section-boxed elementor-section-height-default elementor-section-height-default\" data-id=\"c4fe5c6\" data-element_type=\"section\" data-e-type=\"section\">\n\t\t\t\t\t\t<div class=\"elementor-container elementor-column-gap-default\">\n\t\t\t\t\t<div class=\"elementor-column elementor-col-100 elementor-top-column elementor-element elementor-element-e0b040f\" data-id=\"e0b040f\" data-element_type=\"column\" data-e-type=\"column\">\n\t\t\t<div class=\"elementor-widget-wrap elementor-element-populated\">\n\t\t\t\t\t\t<div class=\"elementor-element elementor-element-486a8b8 elementor-widget-divider--view-line elementor-widget elementor-widget-divider\" data-id=\"486a8b8\" data-element_type=\"widget\" data-e-type=\"widget\" data-widget_type=\"divider.default\">\n\t\t\t\t<div class=\"elementor-widget-container\">\n\t\t\t\t\t\t\t<div class=\"elementor-divider\">\n\t\t\t<span class=\"elementor-divider-separator\">\n\t\t\t\t\t\t<\/span>\n\t\t<\/div>\n\t\t\t\t\t\t<\/div>\n\t\t\t\t<\/div>\n\t\t\t\t<div class=\"elementor-element elementor-element-66a697b elementor-widget elementor-widget-heading\" data-id=\"66a697b\" data-element_type=\"widget\" data-e-type=\"widget\" data-widget_type=\"heading.default\">\n\t\t\t\t<div class=\"elementor-widget-container\">\n\t\t\t\t\t<h2 class=\"elementor-heading-title elementor-size-large\">A l'origine du r\u00e9seau:<\/h2>\t\t\t\t<\/div>\n\t\t\t\t<\/div>\n\t\t\t\t\t<\/div>\n\t\t<\/div>\n\t\t\t\t\t<\/div>\n\t\t<\/section>\n\t\t\t\t<section class=\"elementor-section elementor-top-section elementor-element elementor-element-8b431c6 elementor-section-boxed elementor-section-height-default elementor-section-height-default\" data-id=\"8b431c6\" data-element_type=\"section\" data-e-type=\"section\">\n\t\t\t\t\t\t<div class=\"elementor-container elementor-column-gap-default\">\n\t\t\t\t\t<div class=\"elementor-column elementor-col-50 elementor-top-column elementor-element elementor-element-6a47824\" data-id=\"6a47824\" data-element_type=\"column\" data-e-type=\"column\">\n\t\t\t<div class=\"elementor-widget-wrap elementor-element-populated\">\n\t\t\t\t\t\t<div class=\"elementor-element elementor-element-55a092a elementor-widget elementor-widget-text-editor\" data-id=\"55a092a\" data-element_type=\"widget\" data-e-type=\"widget\" data-widget_type=\"text-editor.default\">\n\t\t\t\t<div class=\"elementor-widget-container\">\n\t\t\t\t\t\t\t\t\t<p><strong>Philippe Bourdeau<\/strong><\/p><p>Enseignant-chercheur \u00e0 l&rsquo;Universit\u00e9 Grenoble Alpes, g\u00e9ographe sp\u00e9cialiste du tourisme en montagne et des sports de nature<\/p><p><img fetchpriority=\"high\" decoding=\"async\" class=\"aligncenter\" src=\"https:\/\/iuga.univ-grenoble-alpes.fr\/medias\/photo\/bourdeau_1617888826074-jpg?ID_FICHE=1167207\" width=\"241\" height=\"241\" \/><\/p>\t\t\t\t\t\t\t\t<\/div>\n\t\t\t\t<\/div>\n\t\t\t\t\t<\/div>\n\t\t<\/div>\n\t\t\t\t<div class=\"elementor-column elementor-col-50 elementor-top-column elementor-element elementor-element-10e3503\" data-id=\"10e3503\" data-element_type=\"column\" data-e-type=\"column\">\n\t\t\t<div class=\"elementor-widget-wrap elementor-element-populated\">\n\t\t\t\t\t\t<div class=\"elementor-element elementor-element-44d22e0 elementor-widget elementor-widget-text-editor\" data-id=\"44d22e0\" data-element_type=\"widget\" data-e-type=\"widget\" data-widget_type=\"text-editor.default\">\n\t\t\t\t<div class=\"elementor-widget-container\">\n\t\t\t\t\t\t\t\t\t<p><strong>Richard Bonet<\/strong><\/p><p>Chef du service scientifique du Parc national des Ecrins, partenaire historique de Refuges Sentinelles<\/p><p><img decoding=\"async\" class=\"wp-image-1585 aligncenter\" src=\"http:\/\/refuges-sentinelles.org\/wp-content\/uploads\/2022\/01\/Richard-Bonet-300x209.jpg\" alt=\"\" width=\"347\" height=\"242\" \/><\/p>\t\t\t\t\t\t\t\t<\/div>\n\t\t\t\t<\/div>\n\t\t\t\t\t<\/div>\n\t\t<\/div>\n\t\t\t\t\t<\/div>\n\t\t<\/section>\n\t\t\t\t<section class=\"elementor-section elementor-top-section elementor-element elementor-element-433ee30 elementor-section-boxed elementor-section-height-default elementor-section-height-default\" data-id=\"433ee30\" data-element_type=\"section\" data-e-type=\"section\">\n\t\t\t\t\t\t<div class=\"elementor-container elementor-column-gap-default\">\n\t\t\t\t\t<div class=\"elementor-column elementor-col-100 elementor-top-column elementor-element elementor-element-ff40885\" data-id=\"ff40885\" data-element_type=\"column\" data-e-type=\"column\">\n\t\t\t<div class=\"elementor-widget-wrap elementor-element-populated\">\n\t\t\t\t\t\t<div class=\"elementor-element elementor-element-a0c5ab7 elementor-widget-divider--view-line elementor-widget elementor-widget-divider\" data-id=\"a0c5ab7\" data-element_type=\"widget\" data-e-type=\"widget\" data-widget_type=\"divider.default\">\n\t\t\t\t<div class=\"elementor-widget-container\">\n\t\t\t\t\t\t\t<div class=\"elementor-divider\">\n\t\t\t<span class=\"elementor-divider-separator\">\n\t\t\t\t\t\t<\/span>\n\t\t<\/div>\n\t\t\t\t\t\t<\/div>\n\t\t\t\t<\/div>\n\t\t\t\t<div class=\"elementor-element elementor-element-372b492 elementor-widget elementor-widget-heading\" data-id=\"372b492\" data-element_type=\"widget\" data-e-type=\"widget\" data-widget_type=\"heading.default\">\n\t\t\t\t<div class=\"elementor-widget-container\">\n\t\t\t\t\t<h2 class=\"elementor-heading-title elementor-size-large\">Chercheur.euses et doctorant.es<\/h2>\t\t\t\t<\/div>\n\t\t\t\t<\/div>\n\t\t\t\t\t<\/div>\n\t\t<\/div>\n\t\t\t\t\t<\/div>\n\t\t<\/section>\n\t\t\t\t<section class=\"elementor-section elementor-top-section elementor-element elementor-element-99d4a1f elementor-section-boxed elementor-section-height-default elementor-section-height-default\" data-id=\"99d4a1f\" data-element_type=\"section\" data-e-type=\"section\">\n\t\t\t\t\t\t<div class=\"elementor-container elementor-column-gap-default\">\n\t\t\t\t\t<div class=\"elementor-column elementor-col-50 elementor-top-column elementor-element elementor-element-bfc7faf\" data-id=\"bfc7faf\" data-element_type=\"column\" data-e-type=\"column\">\n\t\t\t<div class=\"elementor-widget-wrap elementor-element-populated\">\n\t\t\t\t\t\t<div class=\"elementor-element elementor-element-69aab3c elementor-widget elementor-widget-text-editor\" data-id=\"69aab3c\" data-element_type=\"widget\" data-e-type=\"widget\" data-widget_type=\"text-editor.default\">\n\t\t\t\t<div class=\"elementor-widget-container\">\n\t\t\t\t\t\t\t\t\t<p><strong>Sophie de Rosemont<\/strong><\/p><p>Issue d&rsquo;une formation de socio-anthropologie<br \/>Doctorante travaillant sur l&rsquo;\u00e9volution du m\u00e9tier de gardien.ne de refuge et son adaptation aux changements climatiques et sociaux.\u00a0\u00a0\u00a0\u00a0\u00a0\u00a0\u00a0<\/p><p>\u00a0<\/p><p><img decoding=\"async\" class=\"size-medium wp-image-1651 aligncenter\" src=\"http:\/\/refuges-sentinelles.org\/wp-content\/uploads\/2022\/03\/sophie-234x300.jpg\" alt=\"\" width=\"234\" height=\"300\" \/><\/p>\t\t\t\t\t\t\t\t<\/div>\n\t\t\t\t<\/div>\n\t\t\t\t\t<\/div>\n\t\t<\/div>\n\t\t\t\t<div class=\"elementor-column elementor-col-50 elementor-top-column elementor-element elementor-element-25c78ab\" data-id=\"25c78ab\" data-element_type=\"column\" data-e-type=\"column\">\n\t\t\t<div class=\"elementor-widget-wrap elementor-element-populated\">\n\t\t\t\t\t\t<div class=\"elementor-element elementor-element-a1299bb elementor-widget elementor-widget-text-editor\" data-id=\"a1299bb\" data-element_type=\"widget\" data-e-type=\"widget\" data-widget_type=\"text-editor.default\">\n\t\t\t\t<div class=\"elementor-widget-container\">\n\t\t\t\t\t\t\t\t\t<p><strong>Jean Miczka<\/strong><\/p><div>Doctorant sous la supervision des professeurs Laine Chanteloup et Christophe Clivaz, il s\u2019int\u00e9resse plus particuli\u00e8rement au r\u00f4le des refuges\/cabanes de montagne dans la gouvernance et la diversification de la montagne peu am\u00e9nag\u00e9e, dans un contexte de changement climatique. Issu d\u2019une formation pluridisciplinaire, il a suivi un double cursus de politiste \u00e0 Sciences Po Grenoble et de droit \u00e0 l\u2019Universit\u00e9 Grenoble Alpes.<img loading=\"lazy\" decoding=\"async\" class=\"size-medium wp-image-1652 aligncenter\" src=\"http:\/\/refuges-sentinelles.org\/wp-content\/uploads\/2022\/03\/jean-216x300.png\" alt=\"\" width=\"216\" height=\"300\" \/><\/div><p><em><span aria-hidden=\"true\">\u00a0<\/span><\/em><\/p>\t\t\t\t\t\t\t\t<\/div>\n\t\t\t\t<\/div>\n\t\t\t\t\t<\/div>\n\t\t<\/div>\n\t\t\t\t\t<\/div>\n\t\t<\/section>\n\t\t\t\t<section class=\"elementor-section elementor-top-section elementor-element elementor-element-2e17d5e elementor-section-boxed elementor-section-height-default elementor-section-height-default\" data-id=\"2e17d5e\" data-element_type=\"section\" data-e-type=\"section\">\n\t\t\t\t\t\t<div class=\"elementor-container elementor-column-gap-default\">\n\t\t\t\t\t<div class=\"elementor-column elementor-col-50 elementor-top-column elementor-element elementor-element-68c6f34\" data-id=\"68c6f34\" data-element_type=\"column\" data-e-type=\"column\">\n\t\t\t<div class=\"elementor-widget-wrap elementor-element-populated\">\n\t\t\t\t\t\t<div class=\"elementor-element elementor-element-7aced85 elementor-widget elementor-widget-text-editor\" data-id=\"7aced85\" data-element_type=\"widget\" data-e-type=\"widget\" data-widget_type=\"text-editor.default\">\n\t\t\t\t<div class=\"elementor-widget-container\">\n\t\t\t\t\t\t\t\t\t<p><strong>C\u00e9dric Dentant<\/strong><\/p><p>Botaniste du Parc national des Ecrins, sp\u00e9cialiste d&rsquo;\u00e9cologie verticulae, il est aux origines du projet <strong>Guides Sentinelle<\/strong>s. Il r\u00e9dige \u00e9galement une th\u00e8se de g\u00e9ographie intitul\u00e9e <em>Haute montagne et science du vivant : de l&rsquo;inconnu g\u00e9ographique \u00e0 l&rsquo;insoup\u00e7onn\u00e9 biologique. <\/em>C&rsquo;est \u00e0 lui que l&rsquo;on doit les posters sur la flore alpine que l&rsquo;on peut retrouver dans de nombreux refuges des Ecrins<\/p><p><img loading=\"lazy\" decoding=\"async\" class=\"size-medium wp-image-1589 aligncenter\" src=\"http:\/\/refuges-sentinelles.org\/wp-content\/uploads\/2022\/01\/IMG_8022-225x300.jpeg\" alt=\"\" width=\"225\" height=\"300\" \/><\/p>\t\t\t\t\t\t\t\t<\/div>\n\t\t\t\t<\/div>\n\t\t\t\t\t<\/div>\n\t\t<\/div>\n\t\t\t\t<div class=\"elementor-column elementor-col-50 elementor-top-column elementor-element elementor-element-2b26873\" data-id=\"2b26873\" data-element_type=\"column\" data-e-type=\"column\">\n\t\t\t<div class=\"elementor-widget-wrap elementor-element-populated\">\n\t\t\t\t\t\t<div class=\"elementor-element elementor-element-5181a3a elementor-widget elementor-widget-text-editor\" data-id=\"5181a3a\" data-element_type=\"widget\" data-e-type=\"widget\" data-widget_type=\"text-editor.default\">\n\t\t\t\t<div class=\"elementor-widget-container\">\n\t\t\t\t\t\t\t\t\t<p><strong>Isabelle Boulangeat<\/strong><\/p><p>Chercheuse en \u00e9cologie \u00e0 l&rsquo;INRAE, ses travaux portent sur les dynamiques des socio-\u00e9cosyst\u00e8mes alpins. Elle coordonne notamment les protocoles de suivi de parcelles de biodiversit\u00e9 aux abords de plusieurs refuges des Ecrins et du Mont Blanc<\/p>\t\t\t\t\t\t\t\t<\/div>\n\t\t\t\t<\/div>\n\t\t\t\t\t<\/div>\n\t\t<\/div>\n\t\t\t\t\t<\/div>\n\t\t<\/section>\n\t\t\t\t<section class=\"elementor-section elementor-top-section elementor-element elementor-element-bfe85a4 elementor-section-boxed elementor-section-height-default elementor-section-height-default\" data-id=\"bfe85a4\" data-element_type=\"section\" data-e-type=\"section\">\n\t\t\t\t\t\t<div class=\"elementor-container elementor-column-gap-default\">\n\t\t\t\t\t<div class=\"elementor-column elementor-col-50 elementor-top-column elementor-element elementor-element-a2ac87b\" data-id=\"a2ac87b\" data-element_type=\"column\" data-e-type=\"column\">\n\t\t\t<div class=\"elementor-widget-wrap elementor-element-populated\">\n\t\t\t\t\t\t<div class=\"elementor-element elementor-element-704b210 elementor-widget elementor-widget-text-editor\" data-id=\"704b210\" data-element_type=\"widget\" data-e-type=\"widget\" data-widget_type=\"text-editor.default\">\n\t\t\t\t<div class=\"elementor-widget-container\">\n\t\t\t\t\t\t\t\t\t<p><strong>Laine Chanteloup<\/strong><\/p><p>Enseignante-chercheuse \u00e0 l&rsquo;Universit\u00e9 de Lausanne, ses travaux portent sur les sports de nature et les interactions hommes-milieux dans les territoire de montagne<\/p>\t\t\t\t\t\t\t\t<\/div>\n\t\t\t\t<\/div>\n\t\t\t\t\t<\/div>\n\t\t<\/div>\n\t\t\t\t<div class=\"elementor-column elementor-col-50 elementor-top-column elementor-element elementor-element-c86b10f\" data-id=\"c86b10f\" data-element_type=\"column\" data-e-type=\"column\">\n\t\t\t<div class=\"elementor-widget-wrap elementor-element-populated\">\n\t\t\t\t\t\t<div class=\"elementor-element elementor-element-5fe3978 elementor-widget elementor-widget-text-editor\" data-id=\"5fe3978\" data-element_type=\"widget\" data-e-type=\"widget\" data-widget_type=\"text-editor.default\">\n\t\t\t\t<div class=\"elementor-widget-container\">\n\t\t\t\t\t\t\t\t\t<p><strong>Marc Langenbach<\/strong><\/p><p>Enseignant-chercheur en g\u00e9ographie \u00e0 l&rsquo;Universit\u00e9 Grenoble Alpes, ses travaux portent sur les sports de nature<\/p>\t\t\t\t\t\t\t\t<\/div>\n\t\t\t\t<\/div>\n\t\t\t\t\t<\/div>\n\t\t<\/div>\n\t\t\t\t\t<\/div>\n\t\t<\/section>\n\t\t\t\t<section class=\"elementor-section elementor-top-section elementor-element elementor-element-85378c5 elementor-section-boxed elementor-section-height-default elementor-section-height-default\" data-id=\"85378c5\" data-element_type=\"section\" data-e-type=\"section\">\n\t\t\t\t\t\t<div class=\"elementor-container elementor-column-gap-default\">\n\t\t\t\t\t<div class=\"elementor-column elementor-col-50 elementor-top-column elementor-element elementor-element-f6e1468\" data-id=\"f6e1468\" data-element_type=\"column\" data-e-type=\"column\">\n\t\t\t<div class=\"elementor-widget-wrap\">\n\t\t\t\t\t\t\t<\/div>\n\t\t<\/div>\n\t\t\t\t<div class=\"elementor-column elementor-col-50 elementor-top-column elementor-element elementor-element-2900b4c\" data-id=\"2900b4c\" data-element_type=\"column\" data-e-type=\"column\">\n\t\t\t<div class=\"elementor-widget-wrap\">\n\t\t\t\t\t\t\t<\/div>\n\t\t<\/div>\n\t\t\t\t\t<\/div>\n\t\t<\/section>\n\t\t\t\t<section class=\"elementor-section elementor-top-section elementor-element elementor-element-1ebc483 elementor-section-boxed elementor-section-height-default elementor-section-height-default\" data-id=\"1ebc483\" data-element_type=\"section\" data-e-type=\"section\">\n\t\t\t\t\t\t<div class=\"elementor-container elementor-column-gap-default\">\n\t\t\t\t\t<div class=\"elementor-column elementor-col-100 elementor-top-column elementor-element elementor-element-07d9a64\" data-id=\"07d9a64\" data-element_type=\"column\" data-e-type=\"column\">\n\t\t\t<div class=\"elementor-widget-wrap elementor-element-populated\">\n\t\t\t\t\t\t<div class=\"elementor-element elementor-element-cc5034d elementor-widget elementor-widget-heading\" data-id=\"cc5034d\" data-element_type=\"widget\" data-e-type=\"widget\" data-widget_type=\"heading.default\">\n\t\t\t\t<div class=\"elementor-widget-container\">\n\t\t\t\t\t<h2 class=\"elementor-heading-title elementor-size-large\">Animation du r\u00e9seau<\/h2>\t\t\t\t<\/div>\n\t\t\t\t<\/div>\n\t\t\t\t\t<\/div>\n\t\t<\/div>\n\t\t\t\t\t<\/div>\n\t\t<\/section>\n\t\t\t\t<section class=\"elementor-section elementor-top-section elementor-element elementor-element-9457ed7 elementor-section-boxed elementor-section-height-default elementor-section-height-default\" data-id=\"9457ed7\" data-element_type=\"section\" data-e-type=\"section\">\n\t\t\t\t\t\t<div class=\"elementor-container elementor-column-gap-default\">\n\t\t\t\t\t<div class=\"elementor-column elementor-col-100 elementor-top-column elementor-element elementor-element-1eb0719\" data-id=\"1eb0719\" data-element_type=\"column\" data-e-type=\"column\">\n\t\t\t<div class=\"elementor-widget-wrap elementor-element-populated\">\n\t\t\t\t\t\t<div class=\"elementor-element elementor-element-f0bb44d elementor-widget elementor-widget-text-editor\" data-id=\"f0bb44d\" data-element_type=\"widget\" data-e-type=\"widget\" data-widget_type=\"text-editor.default\">\n\t\t\t\t<div class=\"elementor-widget-container\">\n\t\t\t\t\t\t\t\t\t<p><strong>Victor Andrade<\/strong><\/p><p>Ing\u00e9nieur d&rsquo;\u00e9tudes, charg\u00e9 de l&rsquo;animation du r\u00e9seau et de la mise en place des outils de mesure de l&rsquo;\u00e9volution des pratiques et des fr\u00e9quentation en montagne<\/p><p><img loading=\"lazy\" decoding=\"async\" class=\"size-medium wp-image-1593 aligncenter\" src=\"http:\/\/refuges-sentinelles.org\/wp-content\/uploads\/2022\/01\/DSC_1404-300x206.jpg\" alt=\"\" width=\"300\" height=\"206\" \/><\/p>\t\t\t\t\t\t\t\t<\/div>\n\t\t\t\t<\/div>\n\t\t\t\t\t<\/div>\n\t\t<\/div>\n\t\t\t\t\t<\/div>\n\t\t<\/section>\n\t\t\t\t<\/div>\n\t\t","protected":false},"excerpt":{"rendered":"<p>D\u00e9couvrez qui sont ceux et celles qui font Refuges Sentinelles A l&rsquo;origine du r\u00e9seau: Philippe Bourdeau Enseignant-chercheur \u00e0 l&rsquo;Universit\u00e9 Grenoble Alpes, g\u00e9ographe sp\u00e9cialiste du tourisme en montagne et des sports de nature Richard Bonet Chef du service scientifique du Parc national des Ecrins, partenaire historique de Refuges Sentinelles Chercheur.euses et doctorant.es Sophie de Rosemont Issue&hellip; <br \/> <a class=\"button small blue\" href=\"https:\/\/refuges-sentinelles.org\/index.php\/les-acteurs-du-reseau\/\">Lire la suite<\/a><\/p>\n","protected":false},"author":1,"featured_media":0,"parent":0,"menu_order":0,"comment_status":"closed","ping_status":"closed","template":"","meta":{"footnotes":""},"class_list":["post-1569","page","type-page","status-publish","hentry"],"_links":{"self":[{"href":"https:\/\/refuges-sentinelles.org\/index.php\/wp-json\/wp\/v2\/pages\/1569","targetHints":{"allow":["GET"]}}],"collection":[{"href":"https:\/\/refuges-sentinelles.org\/index.php\/wp-json\/wp\/v2\/pages"}],"about":[{"href":"https:\/\/refuges-sentinelles.org\/index.php\/wp-json\/wp\/v2\/types\/page"}],"author":[{"embeddable":true,"href":"https:\/\/refuges-sentinelles.org\/index.php\/wp-json\/wp\/v2\/users\/1"}],"replies":[{"embeddable":true,"href":"https:\/\/refuges-sentinelles.org\/index.php\/wp-json\/wp\/v2\/comments?post=1569"}],"version-history":[{"count":37,"href":"https:\/\/refuges-sentinelles.org\/index.php\/wp-json\/wp\/v2\/pages\/1569\/revisions"}],"predecessor-version":[{"id":2402,"href":"https:\/\/refuges-sentinelles.org\/index.php\/wp-json\/wp\/v2\/pages\/1569\/revisions\/2402"}],"wp:attachment":[{"href":"https:\/\/refuges-sentinelles.org\/index.php\/wp-json\/wp\/v2\/media?parent=1569"}],"curies":[{"name":"wp","href":"https:\/\/api.w.org\/{rel}","templated":true}]}}