{"id":1548,"date":"2022-01-19T15:58:23","date_gmt":"2022-01-19T14:58:23","guid":{"rendered":"http:\/\/refuges-sentinelles.org\/?page_id=1548"},"modified":"2024-12-13T11:29:07","modified_gmt":"2024-12-13T10:29:07","slug":"pour_les_gardiens","status":"publish","type":"page","link":"https:\/\/refuges-sentinelles.org\/index.php\/pour_les_gardiens\/","title":{"rendered":"Pour les gardien.nes de refuge"},"content":{"rendered":"\t\t<div data-elementor-type=\"wp-page\" data-elementor-id=\"1548\" class=\"elementor elementor-1548\">\n\t\t\t\t\t\t<section class=\"elementor-section elementor-top-section elementor-element elementor-element-bbf003c elementor-section-boxed elementor-section-height-default elementor-section-height-default\" data-id=\"bbf003c\" data-element_type=\"section\" data-e-type=\"section\">\n\t\t\t\t\t\t<div class=\"elementor-container elementor-column-gap-default\">\n\t\t\t\t\t<div class=\"elementor-column elementor-col-100 elementor-top-column elementor-element elementor-element-308e9f3\" data-id=\"308e9f3\" data-element_type=\"column\" data-e-type=\"column\">\n\t\t\t<div class=\"elementor-widget-wrap elementor-element-populated\">\n\t\t\t\t\t\t<div class=\"elementor-element elementor-element-0e563f9 elementor-widget elementor-widget-heading\" data-id=\"0e563f9\" data-element_type=\"widget\" data-e-type=\"widget\" data-widget_type=\"heading.default\">\n\t\t\t\t<div class=\"elementor-widget-container\">\n\t\t\t\t\t<h2 class=\"elementor-heading-title elementor-size-default\">Pour les gardien.nes de refuge<\/h2>\t\t\t\t<\/div>\n\t\t\t\t<\/div>\n\t\t\t\t\t<\/div>\n\t\t<\/div>\n\t\t\t\t\t<\/div>\n\t\t<\/section>\n\t\t\t\t<section class=\"elementor-section elementor-top-section elementor-element elementor-element-5b3b9b8 elementor-section-boxed elementor-section-height-default elementor-section-height-default\" data-id=\"5b3b9b8\" data-element_type=\"section\" data-e-type=\"section\">\n\t\t\t\t\t\t<div class=\"elementor-container elementor-column-gap-default\">\n\t\t\t\t\t<div class=\"elementor-column elementor-col-100 elementor-top-column elementor-element elementor-element-1108e3b\" data-id=\"1108e3b\" data-element_type=\"column\" data-e-type=\"column\">\n\t\t\t<div class=\"elementor-widget-wrap elementor-element-populated\">\n\t\t\t\t\t\t<div class=\"elementor-element elementor-element-770636b elementor-widget elementor-widget-text-editor\" data-id=\"770636b\" data-element_type=\"widget\" data-e-type=\"widget\" data-widget_type=\"text-editor.default\">\n\t\t\t\t<div class=\"elementor-widget-container\">\n\t\t\t\t\t\t\t\t\t<p>Vous \u00eates gardien.ne de refuge et vous souhaitez en apprendre davantage sur le fonctionnement du r\u00e9seau Refuges Sentinelles, avant peut-\u00eatre de nous rejoindre ?<\/p><p>Le r\u00e9seau Refuges Sentinelles se fonde sur la participation volontaire des gardien.nes et des acteurs qui gravitent autour du monde des refuges et de la haute-montagne. Compte-tenu des diversit\u00e9s et des sp\u00e9cificit\u00e9s de chaque refuge, mais aussi de vos envies, champs de comp\u00e9tences et centres d&rsquo;int\u00e9r\u00eats, certains de nos <a href=\"http:\/\/refuges-sentinelles.org\/index.php\/axe-de-developpement\/#page-content\">protocoles scientifiques<\/a> peuvent s&rsquo;adapter \u00e0 votre refuge. Nos travaux sont \u00e9galement grandement orient\u00e9s par les retours faits lors de notre d\u00e9briefing interprofessionnel saisonnier.<\/p><p>Vous pouvez \u00e9galement d\u00e9couvrir <a href=\"http:\/\/refuges-sentinelles.org\/index.php\/nos-travaux\/\">les travaux<\/a> qui ont \u00e9t\u00e9 r\u00e9alis\u00e9s par les \u00e9tudiant.es et universitaires partenaires du r\u00e9seau.<\/p><p>Enfin vous pouvez d\u00e9couvrir les diff\u00e9rent.es participant.es du r\u00e9seau.<\/p><p>Si vous souhaitez en apprendre plus ou bien nous rejoindre, vous pouvez nous contacter:<\/p><ul><li>sur l&rsquo;adresse reflab.contact@gmail.com<\/li><li>via notre <a href=\"http:\/\/refuges-sentinelles.org\/index.php\/contacts\/\">formulaire de contact<\/a><\/li><\/ul>\t\t\t\t\t\t\t\t<\/div>\n\t\t\t\t<\/div>\n\t\t\t\t\t<\/div>\n\t\t<\/div>\n\t\t\t\t\t<\/div>\n\t\t<\/section>\n\t\t\t\t<section class=\"elementor-section elementor-top-section elementor-element elementor-element-a7cf6b1 elementor-section-boxed elementor-section-height-default elementor-section-height-default\" data-id=\"a7cf6b1\" data-element_type=\"section\" data-e-type=\"section\">\n\t\t\t\t\t\t<div class=\"elementor-container elementor-column-gap-default\">\n\t\t\t\t\t<div class=\"elementor-column elementor-col-100 elementor-top-column elementor-element elementor-element-225f6e7\" data-id=\"225f6e7\" data-element_type=\"column\" data-e-type=\"column\">\n\t\t\t<div class=\"elementor-widget-wrap elementor-element-populated\">\n\t\t\t\t\t\t<div class=\"elementor-element elementor-element-2746e10 elementor-widget elementor-widget-image\" data-id=\"2746e10\" data-element_type=\"widget\" data-e-type=\"widget\" data-widget_type=\"image.default\">\n\t\t\t\t<div class=\"elementor-widget-container\">\n\t\t\t\t\t\t\t\t\t\t\t\t\t\t\t<img fetchpriority=\"high\" decoding=\"async\" width=\"1024\" height=\"768\" src=\"https:\/\/refuges-sentinelles.org\/wp-content\/uploads\/2022\/01\/ObservationsPratiquants_201808_\u00a9REFLAB2018.webp\" class=\"attachment-large size-large wp-image-1564\" alt=\"Observation participante au refuge de Vallonpierre\" srcset=\"https:\/\/refuges-sentinelles.org\/wp-content\/uploads\/2022\/01\/ObservationsPratiquants_201808_\u00a9REFLAB2018.webp 1024w, https:\/\/refuges-sentinelles.org\/wp-content\/uploads\/2022\/01\/ObservationsPratiquants_201808_\u00a9REFLAB2018-300x225.webp 300w, https:\/\/refuges-sentinelles.org\/wp-content\/uploads\/2022\/01\/ObservationsPratiquants_201808_\u00a9REFLAB2018-768x576.webp 768w\" sizes=\"(max-width: 1024px) 100vw, 1024px\" \/>\t\t\t\t\t\t\t\t\t\t\t\t\t\t\t<\/div>\n\t\t\t\t<\/div>\n\t\t\t\t\t<\/div>\n\t\t<\/div>\n\t\t\t\t\t<\/div>\n\t\t<\/section>\n\t\t\t\t<\/div>\n\t\t","protected":false},"excerpt":{"rendered":"<p>Pour les gardien.nes de refuge Vous \u00eates gardien.ne de refuge et vous souhaitez en apprendre davantage sur le fonctionnement du r\u00e9seau Refuges Sentinelles, avant peut-\u00eatre de nous rejoindre ? Le r\u00e9seau Refuges Sentinelles se fonde sur la participation volontaire des gardien.nes et des acteurs qui gravitent autour du monde des refuges et de la haute-montagne.&hellip; <br \/> <a class=\"button small blue\" href=\"https:\/\/refuges-sentinelles.org\/index.php\/pour_les_gardiens\/\">Lire la suite<\/a><\/p>\n","protected":false},"author":1,"featured_media":0,"parent":0,"menu_order":0,"comment_status":"closed","ping_status":"closed","template":"","meta":{"footnotes":""},"class_list":["post-1548","page","type-page","status-publish","hentry"],"_links":{"self":[{"href":"https:\/\/refuges-sentinelles.org\/index.php\/wp-json\/wp\/v2\/pages\/1548","targetHints":{"allow":["GET"]}}],"collection":[{"href":"https:\/\/refuges-sentinelles.org\/index.php\/wp-json\/wp\/v2\/pages"}],"about":[{"href":"https:\/\/refuges-sentinelles.org\/index.php\/wp-json\/wp\/v2\/types\/page"}],"author":[{"embeddable":true,"href":"https:\/\/refuges-sentinelles.org\/index.php\/wp-json\/wp\/v2\/users\/1"}],"replies":[{"embeddable":true,"href":"https:\/\/refuges-sentinelles.org\/index.php\/wp-json\/wp\/v2\/comments?post=1548"}],"version-history":[{"count":19,"href":"https:\/\/refuges-sentinelles.org\/index.php\/wp-json\/wp\/v2\/pages\/1548\/revisions"}],"predecessor-version":[{"id":2271,"href":"https:\/\/refuges-sentinelles.org\/index.php\/wp-json\/wp\/v2\/pages\/1548\/revisions\/2271"}],"wp:attachment":[{"href":"https:\/\/refuges-sentinelles.org\/index.php\/wp-json\/wp\/v2\/media?parent=1548"}],"curies":[{"name":"wp","href":"https:\/\/api.w.org\/{rel}","templated":true}]}}