{"id":102,"date":"2019-11-07T01:53:23","date_gmt":"2019-11-07T00:53:23","guid":{"rendered":"http:\/\/refuges-sentinelles.org\/?page_id=102"},"modified":"2022-04-15T09:58:25","modified_gmt":"2022-04-15T07:58:25","slug":"contacts","status":"publish","type":"page","link":"https:\/\/refuges-sentinelles.org\/index.php\/contacts\/","title":{"rendered":"Contact"},"content":{"rendered":"\t\t<div data-elementor-type=\"wp-page\" data-elementor-id=\"102\" class=\"elementor elementor-102\">\n\t\t\t\t\t\t<section class=\"elementor-section elementor-top-section elementor-element elementor-element-11e2235 elementor-section-boxed elementor-section-height-default elementor-section-height-default\" data-id=\"11e2235\" data-element_type=\"section\" data-e-type=\"section\">\n\t\t\t\t\t\t<div class=\"elementor-container elementor-column-gap-default\">\n\t\t\t\t\t<div class=\"elementor-column elementor-col-100 elementor-top-column elementor-element elementor-element-c6efb87\" data-id=\"c6efb87\" data-element_type=\"column\" data-e-type=\"column\">\n\t\t\t<div class=\"elementor-widget-wrap elementor-element-populated\">\n\t\t\t\t\t\t<div class=\"elementor-element elementor-element-ea16ab8 elementor-widget elementor-widget-text-editor\" data-id=\"ea16ab8\" data-element_type=\"widget\" data-e-type=\"widget\" data-widget_type=\"text-editor.default\">\n\t\t\t\t<div class=\"elementor-widget-container\">\n\t\t\t\t\t\t\t\t\t<h3 style=\"text-align: center;\"><span style=\"color: #99cc00;\">.<\/span><span style=\"color: #1493c9;\">Pour nous contacter<\/span><span style=\"color: #a3d60b;\">.<\/span><\/h3>\t\t\t\t\t\t\t\t<\/div>\n\t\t\t\t<\/div>\n\t\t\t\t<div class=\"elementor-element elementor-element-766e3ef elementor-widget elementor-widget-text-editor\" data-id=\"766e3ef\" data-element_type=\"widget\" data-e-type=\"widget\" data-widget_type=\"text-editor.default\">\n\t\t\t\t<div class=\"elementor-widget-container\">\n\t\t\t\t\t\t\t\t\t<p>Pour en apprendre plus sur le dispositif ou nous poser des questions, n&rsquo;h\u00e9sitez pas \u00e0 envoyer un mail sur les adresses suivantes:<\/p><p>reflab.contact@gmail.com<\/p><p>victor.andrade@umrpacte.fr<\/p>\t\t\t\t\t\t\t\t<\/div>\n\t\t\t\t<\/div>\n\t\t\t\t\t<\/div>\n\t\t<\/div>\n\t\t\t\t\t<\/div>\n\t\t<\/section>\n\t\t\t\t<section class=\"elementor-section elementor-top-section elementor-element elementor-element-015dd3c elementor-section-boxed elementor-section-height-default elementor-section-height-default\" data-id=\"015dd3c\" data-element_type=\"section\" data-e-type=\"section\">\n\t\t\t\t\t\t<div class=\"elementor-container elementor-column-gap-default\">\n\t\t\t\t\t<div class=\"elementor-column elementor-col-25 elementor-top-column elementor-element elementor-element-71fe391\" data-id=\"71fe391\" data-element_type=\"column\" data-e-type=\"column\">\n\t\t\t<div class=\"elementor-widget-wrap elementor-element-populated\">\n\t\t\t\t\t\t<div class=\"elementor-element elementor-element-0993037 elementor-view-default elementor-widget elementor-widget-icon\" data-id=\"0993037\" data-element_type=\"widget\" data-e-type=\"widget\" data-widget_type=\"icon.default\">\n\t\t\t\t<div class=\"elementor-widget-container\">\n\t\t\t\t\t\t\t<div class=\"elementor-icon-wrapper\">\n\t\t\t<a class=\"elementor-icon\" href=\"mailto:contact@refuges-sentinelles.org\">\n\t\t\t<i aria-hidden=\"true\" class=\"fas fa-envelope\"><\/i>\t\t\t<\/a>\n\t\t<\/div>\n\t\t\t\t\t\t<\/div>\n\t\t\t\t<\/div>\n\t\t\t\t\t<\/div>\n\t\t<\/div>\n\t\t\t\t<div class=\"elementor-column elementor-col-25 elementor-top-column elementor-element elementor-element-75fdb4a\" data-id=\"75fdb4a\" data-element_type=\"column\" data-e-type=\"column\">\n\t\t\t<div class=\"elementor-widget-wrap elementor-element-populated\">\n\t\t\t\t\t\t<div class=\"elementor-element elementor-element-14c4d8a elementor-view-default elementor-widget elementor-widget-icon\" data-id=\"14c4d8a\" data-element_type=\"widget\" data-e-type=\"widget\" data-widget_type=\"icon.default\">\n\t\t\t\t<div class=\"elementor-widget-container\">\n\t\t\t\t\t\t\t<div class=\"elementor-icon-wrapper\">\n\t\t\t<a class=\"elementor-icon\" href=\"https:\/\/www.facebook.com\/RefugesLaboratoires\" target=\"_blank\">\n\t\t\t<i aria-hidden=\"true\" class=\"fab fa-facebook-square\"><\/i>\t\t\t<\/a>\n\t\t<\/div>\n\t\t\t\t\t\t<\/div>\n\t\t\t\t<\/div>\n\t\t\t\t\t<\/div>\n\t\t<\/div>\n\t\t\t\t<div class=\"elementor-column elementor-col-25 elementor-top-column elementor-element elementor-element-a02c60f\" data-id=\"a02c60f\" data-element_type=\"column\" data-e-type=\"column\">\n\t\t\t<div class=\"elementor-widget-wrap elementor-element-populated\">\n\t\t\t\t\t\t<div class=\"elementor-element elementor-element-5779613 elementor-view-default elementor-widget elementor-widget-icon\" data-id=\"5779613\" data-element_type=\"widget\" data-e-type=\"widget\" data-widget_type=\"icon.default\">\n\t\t\t\t<div class=\"elementor-widget-container\">\n\t\t\t\t\t\t\t<div class=\"elementor-icon-wrapper\">\n\t\t\t<a class=\"elementor-icon\" href=\"https:\/\/www.instagram.com\/refugessentinelles\/\" target=\"_blank\">\n\t\t\t<i aria-hidden=\"true\" class=\"fab fa-instagram\"><\/i>\t\t\t<\/a>\n\t\t<\/div>\n\t\t\t\t\t\t<\/div>\n\t\t\t\t<\/div>\n\t\t\t\t\t<\/div>\n\t\t<\/div>\n\t\t\t\t<div class=\"elementor-column elementor-col-25 elementor-top-column elementor-element elementor-element-b9cab4e\" data-id=\"b9cab4e\" data-element_type=\"column\" data-e-type=\"column\">\n\t\t\t<div class=\"elementor-widget-wrap elementor-element-populated\">\n\t\t\t\t\t\t<div class=\"elementor-element elementor-element-9f394bf elementor-view-default elementor-widget elementor-widget-icon\" data-id=\"9f394bf\" data-element_type=\"widget\" data-e-type=\"widget\" data-widget_type=\"icon.default\">\n\t\t\t\t<div class=\"elementor-widget-container\">\n\t\t\t\t\t\t\t<div class=\"elementor-icon-wrapper\">\n\t\t\t<a class=\"elementor-icon\" href=\"https:\/\/twitter.com\/RefugeLab\" target=\"_blank\">\n\t\t\t<i aria-hidden=\"true\" class=\"fab fa-twitter-square\"><\/i>\t\t\t<\/a>\n\t\t<\/div>\n\t\t\t\t\t\t<\/div>\n\t\t\t\t<\/div>\n\t\t\t\t\t<\/div>\n\t\t<\/div>\n\t\t\t\t\t<\/div>\n\t\t<\/section>\n\t\t\t\t<section class=\"elementor-section elementor-top-section elementor-element elementor-element-19984f9 elementor-section-boxed elementor-section-height-default elementor-section-height-default\" data-id=\"19984f9\" data-element_type=\"section\" data-e-type=\"section\">\n\t\t\t\t\t\t<div class=\"elementor-container elementor-column-gap-default\">\n\t\t\t\t\t<div class=\"elementor-column elementor-col-100 elementor-top-column elementor-element elementor-element-9abe439\" data-id=\"9abe439\" data-element_type=\"column\" data-e-type=\"column\">\n\t\t\t<div class=\"elementor-widget-wrap elementor-element-populated\">\n\t\t\t\t\t\t<div class=\"elementor-element elementor-element-4de75e0 elementor-widget-divider--view-line_icon elementor-widget-divider--separator-type-pattern elementor-widget-divider--no-spacing elementor-view-default elementor-widget-divider--element-align-center elementor-widget elementor-widget-divider\" data-id=\"4de75e0\" data-element_type=\"widget\" data-e-type=\"widget\" data-widget_type=\"divider.default\">\n\t\t\t\t<div class=\"elementor-widget-container\">\n\t\t\t\t\t\t\t<div class=\"elementor-divider\" style=\"--divider-pattern-url: url(&quot;data:image\/svg+xml,%3Csvg xmlns=&#039;http:\/\/www.w3.org\/2000\/svg&#039; preserveAspectRatio=&#039;xMidYMid meet&#039; overflow=&#039;visible&#039; height=&#039;100%&#039; viewBox=&#039;0 0 126 26&#039; fill=&#039;black&#039; stroke=&#039;none&#039;%3E%3Cpath d=&#039;M3,10.2c2.6,0,2.6,2,2.6,3.2S4.4,16.5,3,16.5s-3-1.4-3-3.2S0.4,10.2,3,10.2z M18.8,10.2c1.7,0,3.2,1.4,3.2,3.2s-1.4,3.2-3.2,3.2c-1.7,0-3.2-1.4-3.2-3.2S17,10.2,18.8,10.2z M34.6,10.2c1.5,0,2.6,1.4,2.6,3.2s-0.5,3.2-1.9,3.2c-1.5,0-3.4-1.4-3.4-3.2S33.1,10.2,34.6,10.2z M50.5,10.2c1.7,0,3.2,1.4,3.2,3.2s-1.4,3.2-3.2,3.2c-1.7,0-3.3-0.9-3.3-2.6S48.7,10.2,50.5,10.2z M66.2,10.2c1.5,0,3.4,1.4,3.4,3.2s-1.9,3.2-3.4,3.2c-1.5,0-2.6-0.4-2.6-2.1S64.8,10.2,66.2,10.2z M82.2,10.2c1.7,0.8,2.6,1.4,2.6,3.2s-0.1,3.2-1.6,3.2c-1.5,0-3.7-1.4-3.7-3.2S80.5,9.4,82.2,10.2zM98.6,10.2c1.5,0,2.6,0.4,2.6,2.1s-1.2,4.2-2.6,4.2c-1.5,0-3.7-0.4-3.7-2.1S97.1,10.2,98.6,10.2z M113.4,10.2c1.2,0,2.2,0.9,2.2,3.2s-0.1,3.2-1.3,3.2s-3.1-1.4-3.1-3.2S112.2,10.2,113.4,10.2z&#039;\/%3E%3C\/svg%3E&quot;);\">\n\t\t\t<span class=\"elementor-divider-separator\">\n\t\t\t\t\t\t\t<div class=\"elementor-icon elementor-divider__element\">\n\t\t\t\t\t<i aria-hidden=\"true\" class=\"fas fa-ellipsis-h\"><\/i><\/div>\n\t\t\t\t\t\t<\/span>\n\t\t<\/div>\n\t\t\t\t\t\t<\/div>\n\t\t\t\t<\/div>\n\t\t\t\t<div class=\"elementor-element elementor-element-f7dc7b5 elementor-widget elementor-widget-text-editor\" data-id=\"f7dc7b5\" data-element_type=\"widget\" data-e-type=\"widget\" data-widget_type=\"text-editor.default\">\n\t\t\t\t<div class=\"elementor-widget-container\">\n\t\t\t\t\t\t\t\t\t<h3 style=\"text-align: center;\"><span style=\"color: #99cc00;\">.<\/span><span style=\"color: #1493c9;\">Cr\u00e9dits<\/span><span style=\"color: #99cc00;\">.<\/span><\/h3>\t\t\t\t\t\t\t\t<\/div>\n\t\t\t\t<\/div>\n\t\t\t\t<div class=\"elementor-element elementor-element-0f20ae4 elementor-widget elementor-widget-text-editor\" data-id=\"0f20ae4\" data-element_type=\"widget\" data-e-type=\"widget\" data-widget_type=\"text-editor.default\">\n\t\t\t\t<div class=\"elementor-widget-container\">\n\t\t\t\t\t\t\t\t\t<p><em>\u00c9quipe de r\u00e9daction : <a href=\"http:\/\/www.labexitem.fr\/membre\/bourdeau-philippe\">Philippe Bourdeau,<\/a> M\u00e9lanie Marcuzzi, Victor Andrade<br \/><\/em><\/p><h4>Contenus du site<\/h4><p><em>Le projet Refuges Sentinelles &#8211; RefLab est un projet port\u00e9 par le <a href=\"http:\/\/www.labexitem.fr\/\">LabEx ITEM<\/a>\u00a0et le\u00a0<a href=\"http:\/\/www.ecrins-parcnational.fr\/\">Parc National des Ecrins<\/a>.<\/em><\/p><p><em>Ce site\u00a0fournit des informations \u00e0 des fins purement informatives et de recherche, et s\u2019efforce de contr\u00f4ler la v\u00e9racit\u00e9 des informations et de maintenir le site \u00e0 jour. Cependant, aucune garantie n\u2019est apport\u00e9e concernant l\u2019exactitude, la pr\u00e9cision, la mise \u00e0 jour ou l\u2019exhaustivit\u00e9 des informations mises \u00e0 la disposition sur le site.<\/em><\/p><p><em>L\u2019ensemble de ce site rel\u00e8ve de la l\u00e9gislation fran\u00e7aise et internationale sur le droit d\u2019auteur et la propri\u00e9t\u00e9 intellectuelle.<\/em><\/p><p><em>Les droits de reproduction sont r\u00e9serv\u00e9s pour toutes les photographies, images, textes, logos, noms de domaine, documents t\u00e9l\u00e9chargeables,\u2026 contenus sur ce site.<\/em><\/p><p><em>Ils sont la propri\u00e9t\u00e9 de leurs auteurs, mentionn\u00e9s dans les cr\u00e9dits de pages ou le cr\u00e9dit global, ou font l\u2019objet d\u2019une autorisation d\u2019utilisation.<\/em><\/p><p><em>Liens hypertextes : afin de faciliter l\u2019acc\u00e8s \u00e0 d\u2019autres sites susceptibles d\u2019apporter un compl\u00e9ment d\u2019information, nous\u00a0ins\u00e9rons dans le\u00a0site un certain nombre de liens hypertextes. N\u00e9anmoins, notre\u00a0responsabilit\u00e9 ne saurait \u00eatre engag\u00e9e au titre d\u2019un site tiers auquel un internaute aurait eu acc\u00e8s via notre site et pr\u00e9sentant des contenus litigieux ou inexacts. Nous\u00a0ne disposons d\u2019aucun moyen de contr\u00f4le des contenus des sites tiers et ne saurons en aucun cas \u00eatre tenu pour responsable de contenus issus de sites externes. Des sites externes peuvent contenir des liens hypertextes pointant vers notre site sous r\u00e9serve de reproduire le titre suivant : \u201d RefLab &#8211; Refuges Sentinelles\u201c.<\/em><\/p><p><em>Le site n\u2019h\u00e9berge aucun document dont il n\u2019est l\u2019autorisation de diffusion. Toute utilisation par reproduction, modification, t\u00e9l\u00e9chargement, transmission ou autre proc\u00e9d\u00e9 existant pr\u00e9sent ou futur est soumise \u00e0 une autorisation \u00e9crite pr\u00e9alable (courrier, courriel, fax). Seules les copies \u00e0 usage priv\u00e9 ou non-commercial sont autoris\u00e9es sous r\u00e9serve des droits de propri\u00e9t\u00e9 intellectuelle dont il est fait mention.<\/em><\/p><p><em>N\u2019h\u00e9sitez pas \u00e0 <a href=\"http:\/\/refuges-sentinelles.org\/index.php\/contacts\/\">nous contacter<\/a> pour modifier \/ corriger \/ signaler toute information qui vous semblerait erron\u00e9e ou impr\u00e9cise ou manquante.<\/em><\/p><p><em>Ce travail a \u00e9t\u00e9 r\u00e9alis\u00e9 au sein du LABEX ITEM (ANR-10-LABX-50-01) dans le cadre du programme \u00abInvestissements d\u2019Avenir \u00bb g\u00e9r\u00e9 par l\u2019Agence Nationale de la Recherche.<\/em><\/p>\t\t\t\t\t\t\t\t<\/div>\n\t\t\t\t<\/div>\n\t\t\t\t\t<\/div>\n\t\t<\/div>\n\t\t\t\t\t<\/div>\n\t\t<\/section>\n\t\t\t\t<\/div>\n\t\t","protected":false},"excerpt":{"rendered":"<p>.Pour nous contacter. Pour en apprendre plus sur le dispositif ou nous poser des questions, n&rsquo;h\u00e9sitez pas \u00e0 envoyer un mail sur les adresses suivantes: reflab.contact@gmail.com victor.andrade@umrpacte.fr .Cr\u00e9dits. \u00c9quipe de r\u00e9daction : Philippe Bourdeau, M\u00e9lanie Marcuzzi, Victor Andrade Contenus du site Le projet Refuges Sentinelles &#8211; RefLab est un projet port\u00e9 par le LabEx ITEM\u00a0et&hellip; <br \/> <a class=\"button small blue\" href=\"https:\/\/refuges-sentinelles.org\/index.php\/contacts\/\">Lire la suite<\/a><\/p>\n","protected":false},"author":1,"featured_media":0,"parent":0,"menu_order":0,"comment_status":"closed","ping_status":"closed","template":"","meta":{"footnotes":""},"class_list":["post-102","page","type-page","status-publish","hentry"],"_links":{"self":[{"href":"https:\/\/refuges-sentinelles.org\/index.php\/wp-json\/wp\/v2\/pages\/102","targetHints":{"allow":["GET"]}}],"collection":[{"href":"https:\/\/refuges-sentinelles.org\/index.php\/wp-json\/wp\/v2\/pages"}],"about":[{"href":"https:\/\/refuges-sentinelles.org\/index.php\/wp-json\/wp\/v2\/types\/page"}],"author":[{"embeddable":true,"href":"https:\/\/refuges-sentinelles.org\/index.php\/wp-json\/wp\/v2\/users\/1"}],"replies":[{"embeddable":true,"href":"https:\/\/refuges-sentinelles.org\/index.php\/wp-json\/wp\/v2\/comments?post=102"}],"version-history":[{"count":46,"href":"https:\/\/refuges-sentinelles.org\/index.php\/wp-json\/wp\/v2\/pages\/102\/revisions"}],"predecessor-version":[{"id":1714,"href":"https:\/\/refuges-sentinelles.org\/index.php\/wp-json\/wp\/v2\/pages\/102\/revisions\/1714"}],"wp:attachment":[{"href":"https:\/\/refuges-sentinelles.org\/index.php\/wp-json\/wp\/v2\/media?parent=102"}],"curies":[{"name":"wp","href":"https:\/\/api.w.org\/{rel}","templated":true}]}}